{"id":275,"date":"2022-11-01T00:00:00","date_gmt":"2022-11-01T00:00:00","guid":{"rendered":"https:\/\/skandimirror.com\/index.php\/product\/lily-1200x800mm-staciakampis-veidrodis-led-apsvietimas-is-priekio-ir-galo-rgb\/"},"modified":"2026-02-16T07:41:25","modified_gmt":"2026-02-16T07:41:25","slug":"hugo-1200x800mm-rektangular-spegel-led-ljus-fram-och-bak-2-led-strips","status":"publish","type":"product","link":"https:\/\/skandimirror.com\/nb\/product\/hugo-1200x800mm-rektangular-spegel-led-ljus-fram-och-bak-2-led-strips\/","title":{"rendered":"HUGO 1200x800mm Rektangul\u00e6rt speil \/ LED lys foran og bak \/ 2 LED striper"},"content":{"rendered":"","protected":false},"excerpt":{"rendered":"<p>\u2713 NYHET! Rektangul\u00e6rt speil med 2 LED-strips som kan sl\u00e5s p\u00e5 separat.<\/p>\n<p>\u2713 2 LED-strips er integrert, s\u00e5 det er mulig \u00e5 sl\u00e5 p\u00e5: 1) kun frontbelysning; 2) bare baklys; 3) begge lysene.<\/p>\n<p>\u2713 En smart ber\u00f8ringsbryter som gj\u00f8r det enkelt og enkelt \u00e5 sl\u00e5 speilet p\u00e5 \/ av, justere \u00f8nsket lysstyrke og endre lystemperaturen.<\/p>\n<p>\u2713 Innebygd anti-dugg-funksjon betyr at du ikke trenger \u00e5 bekymre deg for t\u00e5kete speil: en separat ber\u00f8ringsknapp er integrert for denne funksjonen.<\/p>\n<p>\u2713 Ljusstyrkan p\u00e5 ljuset \u00e4r justerbar fr\u00e5n 10 till 100 %.<\/p>\n<p>\u2713 Ljustemperaturen kan \u00e4ndras fr\u00e5n 2700K till 6400K, beroende p\u00e5 syftet med spegeln och ditt hum\u00f6r.<\/p>\n<p>\u2713 5 mm h\u00f8yoppl\u00f8st s\u00f8lvspeil uten kobber - uten oksidanter, uten skarpe kanter.<\/p>\n<p>\u2713 Polerte kanter.<\/p>\n<p>\u2713 Anti-korrosionsbel\u00e4ggning.<\/p>\n<p>\u2713 Ger 50 000 timmars livsl\u00e4ngd och 100 000 tryckknappsklick.<\/p>\n<p>\u2713 Cirka 4,6 g\u00e5nger ljusare \u00e4n en vanlig LED-spegel (ljus \u00e4r tillr\u00e4ckligt f\u00f6r att g\u00f6ra smink, rakning eller andra behov).<\/p>\n<p>\u2713 H\u00f8yeffekt SMD2835 LED.<\/p>\n<p>\u2713 Ljusspridare s\u00e4kerst\u00e4ller mjukt ljus utan skuggor.<\/p>\n<p>\u2713 IP44 vattent\u00e4t klass (perfekt f\u00f6r badrummet).<\/p>\n<p>\u2713 CE-sertifikat.<\/p>\n<p>\u2713 ETL, RoHS-certifikat.<\/p>\n<p>\u2713 CRI &gt;90.<\/p>\n<p>\u2713 Enkel \u00e5 installere.<\/p>\n<p>\u2713 36 m\u00e5neders garanti.<\/p>","protected":false},"featured_media":1565,"template":"","meta":[],"product_cat":[22],"product_tag":[],"_links":{"self":[{"href":"https:\/\/skandimirror.com\/nb\/wp-json\/wp\/v2\/product\/275"}],"collection":[{"href":"https:\/\/skandimirror.com\/nb\/wp-json\/wp\/v2\/product"}],"about":[{"href":"https:\/\/skandimirror.com\/nb\/wp-json\/wp\/v2\/types\/product"}],"wp:featuredmedia":[{"embeddable":true,"href":"https:\/\/skandimirror.com\/nb\/wp-json\/wp\/v2\/media\/1565"}],"wp:attachment":[{"href":"https:\/\/skandimirror.com\/nb\/wp-json\/wp\/v2\/media?parent=275"}],"wp:term":[{"taxonomy":"product_cat","embeddable":true,"href":"https:\/\/skandimirror.com\/nb\/wp-json\/wp\/v2\/product_cat?post=275"},{"taxonomy":"product_tag","embeddable":true,"href":"https:\/\/skandimirror.com\/nb\/wp-json\/wp\/v2\/product_tag?post=275"}],"curies":[{"name":"wp","href":"https:\/\/api.w.org\/{rel}","templated":true}]}}