{"id":253,"date":"2022-08-24T00:00:00","date_gmt":"2022-08-24T00:00:00","guid":{"rendered":"https:\/\/skandimirror.com\/index.php\/product\/luna-550x1650-viso-ugio-veidrodis-led-apsvietimas-is-priekio-ir-is-galo\/"},"modified":"2026-01-09T22:08:02","modified_gmt":"2026-01-09T22:08:02","slug":"luna-550x1650-spegel-i-fullhojd-led-ljus-pa-framsidan","status":"publish","type":"product","link":"https:\/\/skandimirror.com\/nb\/product\/luna-550x1650-spegel-i-fullhojd-led-ljus-pa-framsidan\/","title":{"rendered":"LUNA 550\u00d71650 Speil i full h\u00f8yde \/ LED-lys foran"},"content":{"rendered":"","protected":false},"excerpt":{"rendered":"<p>\u2713 Perfekt for soverommet, studiet, stuen, gangen, samt badet eller et annet rom du liker. Speil i full h\u00f8yde.<\/p>\n<p>\u2713 En smart ber\u00f8ringsbryter som gj\u00f8r det enkelt og enkelt \u00e5 sl\u00e5 speilet p\u00e5 \/ av, justere \u00f8nsket lysstyrke og endre lystemperaturen.<\/p>\n<p>Innebygd anti-t\u00e5ke funksjon betyr at du ikke trenger \u00e5 bekymre deg t\u00e5kete speil: denne funksjonen aktiveres automatisk n\u00e5r speilet er sl\u00e5tt p\u00e5.<\/p>\n<p>\u2713 Lysstyrken p\u00e5 lyset er justerbar fra 10 til 100%.<\/p>\n<p>\u2713 Lystemperaturen kan endres fra 2700K til 6000K, avhengig av form\u00e5let med \u00e5 bruke speilet og hum\u00f8ret ditt.<\/p>\n<p>\u2713 5 mm h\u00f8yoppl\u00f8selig s\u00f8lvspeil uten kobber - uten oksidanter, uten skarpe kanter.<\/p>\n<p>\u2713 Anti-korrosjon belegg.<\/p>\n<p>\u2713 Gir 50 000 timer av livet og 100 000 touch switch klikk.<\/p>\n<p>Omtrent 4,6 ganger lysere enn et standard LED-speil (lys er nok til \u00e5 gj\u00f8re sminke, barbering eller andre behov).<\/p>\n<p>\u2713 H\u00f8y effekt SMD2835 LED.<\/p>\n<p>\u2713 Lysdiffusor sikrer mykt lys uten skygger.<\/p>\n<p>\u2713 IP44 vannavst\u00f8tende vurdering (perfekt p\u00e5 badet).<\/p>\n<p>\u2713 CE-sertifikat.<\/p>\n<p>\u2713 ETL, RoHS-sertifikater.<\/p>\n<p>\u2713 CRI &gt;90.<\/p>\n<p>\u2713 Enkel \u00e5 installere.<\/p>\n<p>\u2713 36 m\u00e5neders garanti.<\/p>","protected":false},"featured_media":601,"template":"","meta":[],"product_cat":[48],"product_tag":[],"_links":{"self":[{"href":"https:\/\/skandimirror.com\/nb\/wp-json\/wp\/v2\/product\/253"}],"collection":[{"href":"https:\/\/skandimirror.com\/nb\/wp-json\/wp\/v2\/product"}],"about":[{"href":"https:\/\/skandimirror.com\/nb\/wp-json\/wp\/v2\/types\/product"}],"wp:featuredmedia":[{"embeddable":true,"href":"https:\/\/skandimirror.com\/nb\/wp-json\/wp\/v2\/media\/601"}],"wp:attachment":[{"href":"https:\/\/skandimirror.com\/nb\/wp-json\/wp\/v2\/media?parent=253"}],"wp:term":[{"taxonomy":"product_cat","embeddable":true,"href":"https:\/\/skandimirror.com\/nb\/wp-json\/wp\/v2\/product_cat?post=253"},{"taxonomy":"product_tag","embeddable":true,"href":"https:\/\/skandimirror.com\/nb\/wp-json\/wp\/v2\/product_tag?post=253"}],"curies":[{"name":"wp","href":"https:\/\/api.w.org\/{rel}","templated":true}]}}