{"id":251,"date":"2022-08-19T00:00:00","date_gmt":"2022-08-19T00:00:00","guid":{"rendered":"https:\/\/skandimirror.com\/index.php\/product\/karen-800x600mm-staciakampis-veidrodis-led-apsvietimas-is-galo-foninis-apsvietimas\/"},"modified":"2025-11-26T11:16:34","modified_gmt":"2025-11-26T11:16:34","slug":"karen-800x600mm-rektangular-spegel-led-bakgrundsbelysning","status":"publish","type":"product","link":"https:\/\/skandimirror.com\/nb\/product\/karen-800x600mm-rektangular-spegel-led-bakgrundsbelysning\/","title":{"rendered":"KAREN 800x600mm Rektangul\u00e6rt speil \/ LED-bakgrunnsbelysning"},"content":{"rendered":"","protected":false},"excerpt":{"rendered":"<p>\u2713 En smart ber\u00f8ringsbryter som gj\u00f8r det enkelt og enkelt \u00e5 sl\u00e5 speilet p\u00e5 \/ av, justere \u00f8nsket lysstyrke og endre lystemperaturen.<\/p>\n<p>Innebygd anti-t\u00e5ke funksjon betyr at du ikke trenger \u00e5 bekymre deg t\u00e5kete speil: denne funksjonen aktiveres automatisk n\u00e5r speilet er sl\u00e5tt p\u00e5.<\/p>\n<p>\u2713 Lysstyrken p\u00e5 lyset er justerbar fra 10 til 100%.<\/p>\n<p>\u2713 Lystemperaturen kan endres fra 2700K til 6400K, avhengig av form\u00e5let med \u00e5 bruke speilet og hum\u00f8ret ditt.<\/p>\n<p>\u2713 5 mm h\u00f8yoppl\u00f8selig s\u00f8lvspeil uten kobber - uten oksidanter, uten skarpe kanter.<\/p>\n<p>\u2713 Anti-korrosjon belegg.<\/p>\n<p>\u2713 Gir 50 000 timer av livet og 100 000 touch switch klikk.<\/p>\n<p>Omtrent 4,6 ganger lysere enn et standard LED-speil (lys er nok til \u00e5 gj\u00f8re sminke, barbering eller andre behov).<\/p>\n<p>\u2713 H\u00f8y effekt SMD2835 LED.<\/p>\n<p>\u2713 Lysdiffusor sikrer mykt lys uten skygger.<\/p>\n<p>\u2713 IP44 vannavst\u00f8tende vurdering (perfekt p\u00e5 badet).<\/p>\n<p>\u2713 CE-sertifikat.<\/p>\n<p>\u2713 ETL, RoHS-sertifikater.<\/p>\n<p>\u2713 CRI &gt;90.<\/p>\n<p>\u2713 Enkel \u00e5 installere.<\/p>\n<p>\u2713 36 m\u00e5neders garanti.<\/p>\n<p>\u2713 ADVARSEL! Speilet kan installeres b\u00e5de vertikalt og horisontalt. Sensorisk bryter - p\u00e5 h\u00f8yre side.<\/p>","protected":false},"featured_media":561,"template":"","meta":[],"product_cat":[22],"product_tag":[],"_links":{"self":[{"href":"https:\/\/skandimirror.com\/nb\/wp-json\/wp\/v2\/product\/251"}],"collection":[{"href":"https:\/\/skandimirror.com\/nb\/wp-json\/wp\/v2\/product"}],"about":[{"href":"https:\/\/skandimirror.com\/nb\/wp-json\/wp\/v2\/types\/product"}],"wp:featuredmedia":[{"embeddable":true,"href":"https:\/\/skandimirror.com\/nb\/wp-json\/wp\/v2\/media\/561"}],"wp:attachment":[{"href":"https:\/\/skandimirror.com\/nb\/wp-json\/wp\/v2\/media?parent=251"}],"wp:term":[{"taxonomy":"product_cat","embeddable":true,"href":"https:\/\/skandimirror.com\/nb\/wp-json\/wp\/v2\/product_cat?post=251"},{"taxonomy":"product_tag","embeddable":true,"href":"https:\/\/skandimirror.com\/nb\/wp-json\/wp\/v2\/product_tag?post=251"}],"curies":[{"name":"wp","href":"https:\/\/api.w.org\/{rel}","templated":true}]}}