{"id":1423,"date":"2024-07-26T08:28:02","date_gmt":"2024-07-26T08:28:02","guid":{"rendered":"https:\/\/skandimirror.com\/?post_type=product&#038;p=1423"},"modified":"2025-12-11T16:56:22","modified_gmt":"2025-12-11T16:56:22","slug":"amber-400mm-rund-sminkspegel-sminkspegel-led-belysning-framifran","status":"publish","type":"product","link":"https:\/\/skandimirror.com\/nb\/product\/amber-400mm-rund-sminkspegel-sminkspegel-led-belysning-framifran\/","title":{"rendered":"AMBER 400mm Rundt sminkespeil \/ Sminkespeil \/ LED-belysning forfra"},"content":{"rendered":"","protected":false},"excerpt":{"rendered":"<p>\u2713 NYHET: rundt sminkespeil.<\/p>\n<p>\u2713 Smart ber\u00f8ringsbryter som gj\u00f8r det s\u00e5 enkelt og enkelt \u00e5 sl\u00e5 av\/p\u00e5 speilet.<\/p>\n<p>\u2713 3 niv\u00e5er av lystemperaturregulering.<\/p>\n<p>\u2713 5 mm h\u00f8yoppl\u00f8st s\u00f8lvspeil uten kobber - uten oksidanter, uten skarpe kanter.<\/p>\n<p>\u2713 Anti-korrosionsbel\u00e4ggning.<\/p>\n<p>\u2713 Garanterad livsl\u00e4ngd p\u00e5 50 000 timmar och 100 000 klickningar p\u00e5 pekknappen.<\/p>\n<p>\u2713 H\u00f6g effekt SMD2835 LED.<\/p>\n<p>\u2713 Ljusspridaren ger mjuk belysning utan skuggor.<\/p>\n<p>\u2713 IP44 vattent\u00e4t klassificering.<\/p>\n<p>\u2713 CE-sertifikat.<\/p>\n<p>\u2713 ETL, RoHS-certifikat.<\/p>\n<p>\u2713 CRI &gt;90.<\/p>\n<p>\u2713 24 m\u00e5neders garanti.<\/p>","protected":false},"featured_media":1425,"template":"","meta":[],"product_cat":[20,72],"product_tag":[],"_links":{"self":[{"href":"https:\/\/skandimirror.com\/nb\/wp-json\/wp\/v2\/product\/1423"}],"collection":[{"href":"https:\/\/skandimirror.com\/nb\/wp-json\/wp\/v2\/product"}],"about":[{"href":"https:\/\/skandimirror.com\/nb\/wp-json\/wp\/v2\/types\/product"}],"wp:featuredmedia":[{"embeddable":true,"href":"https:\/\/skandimirror.com\/nb\/wp-json\/wp\/v2\/media\/1425"}],"wp:attachment":[{"href":"https:\/\/skandimirror.com\/nb\/wp-json\/wp\/v2\/media?parent=1423"}],"wp:term":[{"taxonomy":"product_cat","embeddable":true,"href":"https:\/\/skandimirror.com\/nb\/wp-json\/wp\/v2\/product_cat?post=1423"},{"taxonomy":"product_tag","embeddable":true,"href":"https:\/\/skandimirror.com\/nb\/wp-json\/wp\/v2\/product_tag?post=1423"}],"curies":[{"name":"wp","href":"https:\/\/api.w.org\/{rel}","templated":true}]}}