{"id":3,"date":"2022-10-12T10:09:49","date_gmt":"2022-10-12T10:09:49","guid":{"rendered":"https:\/\/skandimirror.com\/?page_id=3"},"modified":"2022-12-06T04:16:15","modified_gmt":"2022-12-06T04:16:15","slug":"integritetspolicy","status":"publish","type":"page","link":"https:\/\/skandimirror.com\/nb\/integritetspolicy\/","title":{"rendered":"Personvernpolicy"},"content":{"rendered":"<section class=\"wpb-content-wrapper\"><div  class=\"sec_row container\"><div class=\"vc_row wpb_row vc_row-fluid\"><div class=\"wpb_column vc_column_container vc_col-sm-2 et-dark-column\"><div class=\"vc_column-inner\"><div class=\"wpb_wrapper\"><\/div><\/div><\/div><div class=\"wpb_column vc_column_container vc_col-sm-8 et-dark-column\"><div class=\"vc_column-inner\"><div class=\"wpb_wrapper\">\n\t<div class=\"wpb_text_column wpb_content_element\" >\n\t\t<div class=\"wpb_wrapper\">\n\t\t\t<p class=\"p1\">Regler om behandling av personopplysninger<\/p>\n<p class=\"p1\">Generelle bestemmelser<\/p>\n<p class=\"p1\">1.1. Behandlingsansvarlig og operat\u00f8r av nettstedet skandimirror.com (heretter - behandlingsansvarlig) er MB Avytes prekyba, firmakode 304947448, e-postadresse - info@skandimirror.com, telefonnummer +370 676 46447, bankkonto Swedbank LT327300010156894264.<\/p>\n<p class=\"p1\">1.2. Disse reglene for behandling av personopplysninger (heretter \u2013 regler) beskriver MB Avytes Prekyna databehandlingsaktiviteter n\u00e5r selskapet fungerer som datakontroll\u00f8r, dvs. samler inn personopplysninger om kunder, leverand\u00f8rer eller ansatte og s\u00f8rger for form\u00e5let og midlene for deres behandling.<\/p>\n<p class=\"p1\">1.3. Behandlingen av personopplysninger om bes\u00f8kende er etablert av EUs personvernforordning 2016\/679 (heretter - BDAR), loven om beskyttelse av personopplysninger i Republikken Litauen og andre rettsakter og disse reglene.<\/p>\n<p class=\"p1\">2. Behandling av personopplysninger<\/p>\n<p class=\"p1\">2.1. Den bes\u00f8kende p\u00e5 nettstedet skandimirror.com (heretter - bes\u00f8kende) samtykker i at personopplysningene som er oppgitt under registrering, abonnement og bestilling vil bli behandlet i samsvar med disse reglene.<\/p>\n<p class=\"p1\">2.2. Personopplysninger behandles (i henhold til artikkel 6 i BDAR):<\/p>\n<p class=\"p1\">2.2.1. Med samtykke fra personen,<\/p>\n<p class=\"p1\">2.2.2. Der behandling av personopplysninger er n\u00f8dvendig for \u00e5 oppfylle kontrakten eller ta spesifikke skritt for \u00e5 utf\u00f8re kontrakten f\u00f8r den inng\u00e5s,<\/p>\n<p class=\"p1\">2.2.3. Som en n\u00f8dvendighet for \u00e5 sikre selskapets plikt til \u00e5 behandle personopplysninger, for eksempel ved \u00e5 utarbeide n\u00f8dvendige dokumenter (fakturaer), og gi data til statsskatten.<\/p>\n<p class=\"p1\">2.3. Den bes\u00f8kende har rett til \u00e5 f\u00e5 tilgang til hans \/ hennes personopplysninger og be om korrigering av feil, un\u00f8yaktige personopplysninger eller eliminering av andre mangler ved \u00e5 kontakte info@skandimirror.com.<\/p>\n<p class=\"p1\">2.4. For \u00e5 registrere en bes\u00f8kende i e-butikken som bruker, samles kun e-postadressen inn.<\/p>\n<p class=\"p1\">2.5. Efter att ha klickat p\u00e5 knappen &#8220;Best\u00e4ll&#8221; och k\u00f6pt produkten eller produkterna (ing\u00e5tt ett k\u00f6pe- och f\u00f6rs\u00e4ljningsavtal) och betalat via den valda externa banktj\u00e4nstleverant\u00f6ren samlas k\u00f6parens namn, exakta bostadsort, e-postadress, telefonnummer och annan information som anges under best\u00e4llningen in.<\/p>\n<p class=\"p1\">2.6. N\u00e5r du abonnerer p\u00e5 et nyhetsbrev, samles bare e-postadressen din inn.<\/p>\n<p class=\"p1\">2.7. Datakontroll\u00f8ren respekterer retten til personvern for hver bes\u00f8kende, og den bes\u00f8kende kan samtykke til eller motsette seg bruken av hans eller hennes personopplysninger for direkte markedsf\u00f8ringsform\u00e5l. Han gj\u00f8r dette ved \u00e5 krysse av i boksen.<\/p>\n<p class=\"p1\">2.8. Personopplysninger behandles ved hjelp av sikre tiltak for \u00e5 beskytte dataene mot uautorisert \u00f8deleggelse, avsl\u00f8ring eller andre ulovlige handlinger.<\/p>\n<p class=\"p1\">2.9. Datakontroll\u00f8ren kan ogs\u00e5 samle inn informasjon gitt av den bes\u00f8kendes nettleser n\u00e5r du bes\u00f8ker nettstedet eller f\u00e5r tilgang til nettstedet via en mobil enhet. Dette inkluderer informasjon som IP-adresse, nettlesere, enhetstype, informasjon om tidligere bes\u00f8kte nettsteder og andre identifikatorer knyttet til den bes\u00f8kendes enhet.<\/p>\n<p class=\"p1\">2.10. Nettstedet bruker informasjonskapsler som viser den bes\u00f8kendes aktivitet p\u00e5 nettstedet. Bare obligatoriske informasjonskapsler brukes til \u00e5 sikre funksjonaliteten til nettstedet, for \u00e5 opprette en brukerkonto, for \u00e5 logge inn og for \u00e5 behandle bestillinger.<\/p>\n<p class=\"p1\">2.11. Personopplysninger lagres i en database og brukes i minst 5 \u00e5r siden siste bruk av innholdet eller tjenestene.<\/p>\n<p class=\"p1\">3. Bes\u00f8kendes rettigheter<\/p>\n<p class=\"p1\">3.1. Den bes\u00f8kende har rett til \u00e5 f\u00e5 tilgang til personopplysningene som behandles av behandlingsansvarlig, samt \u00e5 nekte \u00e5 behandle dataene, trekke tilbake samtykket, be om \u00e5 endre eller supplere personopplysningene. Retten til \u00e5 nekte \u00e5 behandle personopplysninger er ikke absolutt, da en del av behandlingen av personopplysninger er obligatorisk i samsvar med prosedyren fastsatt ved lov.<\/p>\n<p class=\"p1\">3.2. Den bes\u00f8kende har rett til \u00e5 nekte \u00e5 motta nyhetsbrev eller andre tilbud.<\/p>\n<p class=\"p1\">3.3. Den bes\u00f8kende har rett til \u00e5 overf\u00f8re dataene n\u00e5r de behandles elektronisk.<\/p>\n<p class=\"p1\">3.4. Alle rettigheter til den bes\u00f8kende ut\u00f8ves ved \u00e5 sende inn en foresp\u00f8rsel via e-post info@skandimirror.com.<\/p>\n<p class=\"p1\">4. Retningslinjer for informasjonskapsler<\/p>\n<p class=\"p1\">4.1. Obligatoriske informasjonskapsler er en betingelse for \u00e5 bruke nettbutikken skandimirror.com. Ved \u00e5 velge bort obligatoriske informasjonskapsler, kan det hende at nettbutikken ikke fungerer.<\/p>\n<p class=\"p1\">4.2. Alle informasjonskapsler som brukes bidrar til \u00e5 sikre funksjonaliteten til nettstedet, opprette en brukerkonto, logge inn og administrere bestillinger.<\/p>\n<p class=\"p1\">4.3. Nettstedet bruker Google Analytics, som bruker informasjonskapsler til \u00e5 lagre informasjon om nettstedet.<\/p>\n<p class=\"p1\">4.4. Nettstedet bruker Facebook og andre plugin-moduler for sosiale nettverk. For \u00e5 finne ut dataene som samles inn av disse tjenesteleverand\u00f8rene, les personvernreglene for sosiale nettverk.<\/p>\n<p class=\"p1\">4.5. For mer informasjon om hvordan informasjonskapsler fungerer, samt hvordan du administrerer og sletter dem: www.cookiecentral.com eller http:\/\/www.allaboutcookies.org\/.<\/p>\n<p class=\"p1\">5. Endre reglene<\/p>\n<p class=\"p1\">5.1. Den behandlingsansvarlige har rett til ensidig \u00e5 endre disse reglene. Endringene trer i kraft fra publiseringstidspunktet p\u00e5 nettstedet.<\/p>\n<p class=\"p1\">6. Overf\u00f8ring av personopplysninger til tredjepart<\/p>\n<p class=\"p1\">6.1. Tredjeparts reklametavler er tilgjengelige p\u00e5 nettstedet. Informasjon om tredjeparts personvernregler finner du p\u00e5 tredjeparts nettsteder.<\/p>\n<p class=\"p1\">6.2. Personopplysninger kan overf\u00f8res til p\u00e5litelige tredjeparter for \u00e5 sikre og oppfylle form\u00e5lene som personopplysningene behandles for (for eksempel budtjenester som leverer varer til adressen spesifisert av bes\u00f8kende, partnere som tilbyr elektroniske bank- og elektroniske betalings- og betalingstjenester, eller andre tjenesteleverand\u00f8rer). n\u00f8dvendig for \u00e5 utf\u00f8re en bestemt tjeneste).<\/p>\n<p class=\"p1\">7. Avsluttende bestemmelser<\/p>\n<p class=\"p1\">7.1. Denne personvernerkl\u00e6ringen ble sist oppdatert 06\/12\/2021.<\/p>\n<p class=\"p1\">7.2. Hvis du er i tvil, vennligst kontakt info@skandimirror.com.<\/p>\n\n\t\t<\/div>\n\t<\/div>\n<\/div><\/div><\/div><div class=\"wpb_column vc_column_container vc_col-sm-2 et-dark-column\"><div class=\"vc_column-inner\"><div class=\"wpb_wrapper\"><\/div><\/div><\/div><\/div><\/div>\n<\/section>","protected":false},"excerpt":{"rendered":"Regler f\u00f6r behandling av personuppgifter Allm\u00e4nna best\u00e4mmelser 1.1. Personuppgiftsansvarig och operat\u00f6r av webbplatsen skandimirror.com (nedan kallad den personuppgiftsansvarige) \u00e4r MB Avytes prekyba, organisationsnummer 304947448, e-postadress - info@skandimirror.com, telefonnummer +370 676 46447, bankkonto Swedbank LT327300010156894264. 1.2. Dessa regler f\u00f6r behandling av personuppgifter (nedan - regler) beskriver MB Avytes Prekyba databehandlingsaktiviteter n\u00e4r&hellip;","protected":false},"author":1,"featured_media":0,"parent":0,"menu_order":0,"comment_status":"closed","ping_status":"open","template":"","meta":[],"_links":{"self":[{"href":"https:\/\/skandimirror.com\/nb\/wp-json\/wp\/v2\/pages\/3"}],"collection":[{"href":"https:\/\/skandimirror.com\/nb\/wp-json\/wp\/v2\/pages"}],"about":[{"href":"https:\/\/skandimirror.com\/nb\/wp-json\/wp\/v2\/types\/page"}],"author":[{"embeddable":true,"href":"https:\/\/skandimirror.com\/nb\/wp-json\/wp\/v2\/users\/1"}],"replies":[{"embeddable":true,"href":"https:\/\/skandimirror.com\/nb\/wp-json\/wp\/v2\/comments?post=3"}],"version-history":[{"count":8,"href":"https:\/\/skandimirror.com\/nb\/wp-json\/wp\/v2\/pages\/3\/revisions"}],"predecessor-version":[{"id":468,"href":"https:\/\/skandimirror.com\/nb\/wp-json\/wp\/v2\/pages\/3\/revisions\/468"}],"wp:attachment":[{"href":"https:\/\/skandimirror.com\/nb\/wp-json\/wp\/v2\/media?parent=3"}],"curies":[{"name":"wp","href":"https:\/\/api.w.org\/{rel}","templated":true}]}}