{"id":960,"date":"2024-01-11T11:57:37","date_gmt":"2024-01-11T11:57:37","guid":{"rendered":"https:\/\/skandimirror.com\/?post_type=product&#038;p=960"},"modified":"2025-11-26T11:07:31","modified_gmt":"2025-11-26T11:07:31","slug":"leo-1200x800mm-rektangular-spegel-med-svart-matt-ram-led-ljus-framtill","status":"publish","type":"product","link":"https:\/\/skandimirror.com\/fi\/product\/leo-1200x800mm-rektangular-spegel-med-svart-matt-ram-led-ljus-framtill\/","title":{"rendered":"LEO 1200x800mm Suorakulmainen peili mustalla mattakehyksell\u00e4 \/ LED-etuvalolla"},"content":{"rendered":"","protected":false},"excerpt":{"rendered":"<p>\u2713 Minimalistinen musta pulverimaalattu alumiinirunko.<\/p>\n<p>\u2713 \u00c4lyk\u00e4s kosketuskytkin, jonka avulla voit kytke\u00e4 peilin p\u00e4\u00e4lle \/ pois, s\u00e4\u00e4t\u00e4\u00e4 haluttua kirkkautta ja muuttaa valon l\u00e4mp\u00f6tilaa helposti ja yksinkertaisesti.<\/p>\n<p>\u2713 Sis\u00e4\u00e4nrakennetun huurtumisenestotoiminnon ansiosta peilisi ei koskaan huurru: t\u00e4m\u00e4 ominaisuus aktivoituu automaattisesti p\u00e4\u00e4lle samalla kun peili kytket\u00e4\u00e4n p\u00e4\u00e4lle.<\/p>\n<p>\u2713 Valon kirkkautta voidaan s\u00e4\u00e4t\u00e4\u00e4 asteikolla 10-100 %.<\/p>\n<p>\u2713 Valon l\u00e4mp\u00f6tilaa voidaan muuttaa 2700K:sta 6400K:een peilin k\u00e4ytt\u00f6tarkoituksen ja tunnelman mukaan.<\/p>\n<p>\u2713 Pinnoitettu alumiinirunko.<\/p>\n<p>\u2713 Pinnoitettu alumiinirunko.<\/p>\n<p>\u2713 5mm korkearesoluutioinen kupariton hopeapeili - ilman oksidantteja tai ter\u00e4vi\u00e4 reunoja.<\/p>\n<p>\u2713 Korroosionestopinnoite.<\/p>\n<p>\u2713 50,000 tunnin k\u00e4ytt\u00f6ik\u00e4 ja 100,000 napsautusta kosketuskytkimell\u00e4.<\/p>\n<p>\u2713 Noin 4,6 kertaa kirkkaampi kuin tavallinen LED-peili (valo riitt\u00e4\u00e4 meikkaamiseen, parranajoon ja muihin tarpeisiin).<\/p>\n<p>\u2713 Suuritehoinen SMD2835 LED.<\/p>\n<p>\u2713 Valonhajotin takaa pehme\u00e4n valon ilman varjoja.<\/p>\n<p>\u2713 IP44 vedenkest\u00e4vyysluokitus (t\u00e4ydellinen kylpyhuoneeseen).<\/p>\n<p>\u2713 CE-sertifikaatti.<\/p>\n<p>\u2713 ETL- ja RoHS-sertifikaatit.<\/p>\n<p>\u2713 CRI &gt;90.<\/p>\n<p>\u2713 Helppo asentaa.<\/p>\n<p>\u2713 36 kuukauden takuu.<\/p>\n<p>\u2713 HUOMIO! Peili voidaan asentaa sek\u00e4 pysty- ett\u00e4 vaakasuoraan. Aistikytkin - oikealla puolella.<\/p>","protected":false},"featured_media":961,"template":"","meta":[],"product_cat":[22],"product_tag":[],"_links":{"self":[{"href":"https:\/\/skandimirror.com\/fi\/wp-json\/wp\/v2\/product\/960"}],"collection":[{"href":"https:\/\/skandimirror.com\/fi\/wp-json\/wp\/v2\/product"}],"about":[{"href":"https:\/\/skandimirror.com\/fi\/wp-json\/wp\/v2\/types\/product"}],"wp:featuredmedia":[{"embeddable":true,"href":"https:\/\/skandimirror.com\/fi\/wp-json\/wp\/v2\/media\/961"}],"wp:attachment":[{"href":"https:\/\/skandimirror.com\/fi\/wp-json\/wp\/v2\/media?parent=960"}],"wp:term":[{"taxonomy":"product_cat","embeddable":true,"href":"https:\/\/skandimirror.com\/fi\/wp-json\/wp\/v2\/product_cat?post=960"},{"taxonomy":"product_tag","embeddable":true,"href":"https:\/\/skandimirror.com\/fi\/wp-json\/wp\/v2\/product_tag?post=960"}],"curies":[{"name":"wp","href":"https:\/\/api.w.org\/{rel}","templated":true}]}}