{"id":1397,"date":"2024-07-26T07:23:37","date_gmt":"2024-07-26T07:23:37","guid":{"rendered":"https:\/\/skandimirror.com\/?post_type=product&#038;p=1397"},"modified":"2026-02-06T07:15:56","modified_gmt":"2026-02-06T07:15:56","slug":"arlo-600x800-rektangular-spegel-skap-led-ljus-fram","status":"publish","type":"product","link":"https:\/\/skandimirror.com\/fi\/product\/arlo-600x800-rektangular-spegel-skap-led-ljus-fram\/","title":{"rendered":"ARLO 600\u00d7800 Suorakulmainen peili - kaappi \/ LED-etuvalo"},"content":{"rendered":"","protected":false},"excerpt":{"rendered":"<p>\u2713 UUTUUS: LED-peili - kaappi.<\/p>\n<p>\u2713 \u00c4lyk\u00e4s kosketuskytkin, jonka avulla voit kytke\u00e4 peilin p\u00e4\u00e4lle \/ pois, s\u00e4\u00e4t\u00e4\u00e4 haluttua kirkkautta ja muuttaa valon l\u00e4mp\u00f6tilaa helposti ja yksinkertaisesti.<\/p>\n<p>\u2713 Inbyggd antifogfunktion g\u00f6r att du inte beh\u00f6ver oroa dig f\u00f6r dimma i spegeln.<\/p>\n<p>\u2713 Valon kirkkautta voidaan s\u00e4\u00e4t\u00e4\u00e4 asteikolla 10-100 %.<\/p>\n<p>\u2713 Valon l\u00e4mp\u00f6tilaa voidaan muuttaa 3000K:sta 6500K:een peilin k\u00e4ytt\u00f6tarkoituksen ja tunnelman mukaan.<\/p>\n<p>\u2713 5mm korkearesoluutioinen kupariton hopeapeili - ilman oksidantteja tai ter\u00e4vi\u00e4 reunoja.<\/p>\n<p>\u2713 Kiillotetut reunat.<\/p>\n<p>\u2713 Korroosionestopinnoite.<\/p>\n<p>\u2713 50,000 tunnin k\u00e4ytt\u00f6ik\u00e4 ja 100,000 napsautusta kosketuskytkimell\u00e4.<\/p>\n<p>\u2713 Noin 4,6 kertaa kirkkaampi kuin tavallinen LED-peili (valo riitt\u00e4\u00e4 meikkaamiseen, parranajoon ja muihin tarpeisiin).<\/p>\n<p>\u2713 Suuritehoinen SMD2835 LED.<\/p>\n<p>\u2713 Valonhajotin takaa pehme\u00e4n valon ilman varjoja.<\/p>\n<p>\u2713 IP44 vedenkest\u00e4vyysluokitus (t\u00e4ydellinen kylpyhuoneeseen).<\/p>\n<p>\u2713 CE-sertifikaatti.<\/p>\n<p>\u2713 ETL- ja RoHS-sertifikaatit.<\/p>\n<p>\u2713 CRI &gt;90.<\/p>\n<p>\u2713 Helppo asentaa.<\/p>\n<p>\u2713 36 kuukauden takuu.<\/p>\n<p>\u2713 Kaapin kokonaissyvyys on 117 mm.<\/p>\n<p>\u2713 3 lasihylly\u00e4.<\/p>\n<p>\u2713 Ovi avautuu 110 asteen kulmaan.<\/p>\n<p>\u2713 S\u00e4hk\u00f6johto peilin yl\u00e4osassa.<\/p>","protected":false},"featured_media":1404,"template":"","meta":[],"product_cat":[22],"product_tag":[],"_links":{"self":[{"href":"https:\/\/skandimirror.com\/fi\/wp-json\/wp\/v2\/product\/1397"}],"collection":[{"href":"https:\/\/skandimirror.com\/fi\/wp-json\/wp\/v2\/product"}],"about":[{"href":"https:\/\/skandimirror.com\/fi\/wp-json\/wp\/v2\/types\/product"}],"wp:featuredmedia":[{"embeddable":true,"href":"https:\/\/skandimirror.com\/fi\/wp-json\/wp\/v2\/media\/1404"}],"wp:attachment":[{"href":"https:\/\/skandimirror.com\/fi\/wp-json\/wp\/v2\/media?parent=1397"}],"wp:term":[{"taxonomy":"product_cat","embeddable":true,"href":"https:\/\/skandimirror.com\/fi\/wp-json\/wp\/v2\/product_cat?post=1397"},{"taxonomy":"product_tag","embeddable":true,"href":"https:\/\/skandimirror.com\/fi\/wp-json\/wp\/v2\/product_tag?post=1397"}],"curies":[{"name":"wp","href":"https:\/\/api.w.org\/{rel}","templated":true}]}}