{"id":119,"date":"2021-03-13T00:00:00","date_gmt":"2021-03-13T00:00:00","guid":{"rendered":"https:\/\/skandimirror.com\/index.php\/product\/suzi-1000mm-apvalus-veidrodis-led-apsvietimas-is-galo-foninis-apsvietimas\/"},"modified":"2026-01-15T12:44:36","modified_gmt":"2026-01-15T12:44:36","slug":"suzi-1000mm-rund-spegel-led-bakgrundsbelysning","status":"publish","type":"product","link":"https:\/\/skandimirror.com\/fi\/product\/suzi-1000mm-rund-spegel-led-bakgrundsbelysning\/","title":{"rendered":"SUZI 1000mm Py\u00f6re\u00e4 peili \/ LED -taustavalo"},"content":{"rendered":"","protected":false},"excerpt":{"rendered":"<p>\u2713 \u00c4lyk\u00e4s kosketuskytkin, jonka avulla voit kytke\u00e4 peilin p\u00e4\u00e4lle \/ pois, s\u00e4\u00e4t\u00e4\u00e4 haluttua kirkkautta ja muuttaa valon l\u00e4mp\u00f6tilaa helposti ja yksinkertaisesti.<\/p>\n<p>\u2713 Sis\u00e4\u00e4nrakennetun huurtumisenestotoiminnon ansiosta peilisi ei koskaan huurru: t\u00e4m\u00e4 ominaisuus aktivoituu automaattisesti p\u00e4\u00e4lle samalla kun peili kytket\u00e4\u00e4n p\u00e4\u00e4lle.<\/p>\n<p>\u2713 Valon kirkkautta voidaan s\u00e4\u00e4t\u00e4\u00e4 asteikolla 10-100 %.<\/p>\n<p>\u2713 Valon l\u00e4mp\u00f6tilaa voidaan muuttaa 2700K:sta 6500K:een peilin k\u00e4ytt\u00f6tarkoituksen ja tunnelman mukaan.<\/p>\n<p>\u2713 5mm korkearesoluutioinen kupariton hopeapeili - ilman oksidantteja tai ter\u00e4vi\u00e4 reunoja.<\/p>\n<p>\u2713 Korroosionestopinnoite.<\/p>\n<p>\u2713 50,000 tunnin k\u00e4ytt\u00f6ik\u00e4 ja 100,000 napsautusta kosketuskytkimell\u00e4.<\/p>\n<p>\u2713 Noin 4,6 kertaa kirkkaampi kuin tavallinen LED-peili (valo riitt\u00e4\u00e4 meikkaamiseen, parranajoon ja muihin tarpeisiin).<\/p>\n<p>\u2713 Suuritehoinen SMD2835 LED.<\/p>\n<p>\u2713 Valonhajotin takaa pehme\u00e4n valon ilman varjoja.<\/p>\n<p>\u2713 IP44 vedenkest\u00e4vyysluokitus (t\u00e4ydellinen kylpyhuoneeseen).<\/p>\n<p>\u2713 CE-sertifikaatti.<\/p>\n<p>\u2713 ETL- ja RoHS-sertifikaatit.<\/p>\n<p>\u2713 CRI &gt;90.<\/p>\n<p>\u2713 Helppo asentaa.<\/p>\n<p>\u2713 36 kuukauden takuu.<\/p>","protected":false},"featured_media":490,"template":"","meta":[],"product_cat":[20],"product_tag":[],"_links":{"self":[{"href":"https:\/\/skandimirror.com\/fi\/wp-json\/wp\/v2\/product\/119"}],"collection":[{"href":"https:\/\/skandimirror.com\/fi\/wp-json\/wp\/v2\/product"}],"about":[{"href":"https:\/\/skandimirror.com\/fi\/wp-json\/wp\/v2\/types\/product"}],"wp:featuredmedia":[{"embeddable":true,"href":"https:\/\/skandimirror.com\/fi\/wp-json\/wp\/v2\/media\/490"}],"wp:attachment":[{"href":"https:\/\/skandimirror.com\/fi\/wp-json\/wp\/v2\/media?parent=119"}],"wp:term":[{"taxonomy":"product_cat","embeddable":true,"href":"https:\/\/skandimirror.com\/fi\/wp-json\/wp\/v2\/product_cat?post=119"},{"taxonomy":"product_tag","embeddable":true,"href":"https:\/\/skandimirror.com\/fi\/wp-json\/wp\/v2\/product_tag?post=119"}],"curies":[{"name":"wp","href":"https:\/\/api.w.org\/{rel}","templated":true}]}}