{"id":347,"date":"2022-11-05T09:04:20","date_gmt":"2022-11-05T09:04:20","guid":{"rendered":"https:\/\/skandimirror.com\/?page_id=347"},"modified":"2022-12-06T04:54:37","modified_gmt":"2022-12-06T04:54:37","slug":"regler","status":"publish","type":"page","link":"https:\/\/skandimirror.com\/fi\/regler\/","title":{"rendered":"S\u00e4\u00e4nn\u00f6t"},"content":{"rendered":"<section class=\"wpb-content-wrapper\"><div  class=\"sec_row container\"><div class=\"vc_row wpb_row vc_row-fluid\"><div class=\"wpb_column vc_column_container vc_col-sm-2 et-dark-column\"><div class=\"vc_column-inner\"><div class=\"wpb_wrapper\"><\/div><\/div><\/div><div class=\"wpb_column vc_column_container vc_col-sm-8 et-dark-column\"><div class=\"vc_column-inner\"><div class=\"wpb_wrapper\">\n\t<div class=\"wpb_text_column wpb_content_element\" >\n\t\t<div class=\"wpb_wrapper\">\n\t\t\t<p><b>1. Yleiset s\u00e4\u00e4nn\u00f6kset<\/b><\/p>\n<p class=\"p1\">1.1. Verkkosivuston omistaja ja yll\u00e4pit\u00e4j\u00e4 on MB Avyt\u0117s prekyba, yritystunnus 304947448 (j\u00e4ljemp\u00e4n\u00e4 - Myyj\u00e4).<\/p>\n<p class=\"p1\">1.2. N\u00e4it\u00e4 osto- ja myyntis\u00e4\u00e4nt\u00f6j\u00e4 (j\u00e4ljemp\u00e4n\u00e4 S\u00e4\u00e4nn\u00f6t) sovelletaan jokaiseen ostajan (j\u00e4ljemp\u00e4n\u00e4 Ostaja) balticmirror.com-verkkokaupassa tekem\u00e4\u00e4n ostokseen ja jokaiseen Ostajan ja Myyj\u00e4n v\u00e4liseen myyntisopimukseen.<\/p>\n<p class=\"p1\">1.3. skandimirror.com-verkkokaupassa suoritettaviin osto- ja myyntitapahtumiin sovelletaan Liettuan tasavallan lains\u00e4\u00e4d\u00e4nt\u00f6\u00e4.<\/p>\n<p class=\"p1\">1.4. Ostaja, joka k\u00e4ytt\u00e4\u00e4 balticmirror.com-sivustoa mill\u00e4 tahansa tavalla ja miss\u00e4 tahansa muodossa, on t\u00e4ysin vastuussa ja sitoutuu noudattamaan kaikkia n\u00e4iss\u00e4 s\u00e4\u00e4nn\u00f6iss\u00e4 asetettuja vaatimuksia.<\/p>\n<p class=\"p1\">1.5. Myyj\u00e4 pid\u00e4tt\u00e4\u00e4 oikeuden muuttaa, korjata tai t\u00e4ydent\u00e4\u00e4 s\u00e4\u00e4nt\u00f6j\u00e4 milloin tahansa ottaen huomioon s\u00e4\u00e4d\u00f6ksiss\u00e4 asetetut vaatimukset.<\/p>\n<p class=\"p1\">1.6. Ostajan on luettava hyv\u00e4ksytty tietosuojak\u00e4yt\u00e4nt\u00f6. Ostaja hyv\u00e4ksyy tai ei hyv\u00e4ksy ostajan henkil\u00f6tietojen erityisk\u00e4ytt\u00f6\u00e4 tietosuojak\u00e4yt\u00e4nn\u00f6n mukaisesti.<\/p>\n<p class=\"p1\">1.7. Jos Myyj\u00e4ll\u00e4 on oikeus toimittaa asiakirjoja tai tietoja Ostajalle s\u00e4hk\u00f6postitse, Ostaja vastaa siit\u00e4, ett\u00e4 h\u00e4nell\u00e4 on voimassa oleva s\u00e4hk\u00f6postiosoite.<\/p>\n<p class=\"p1\"><b>2. Osto- ja myyntisopimuksen tekeminen<\/b><\/p>\n<p class=\"p1\">2.1. Ostaja voi tilata tavaroita balticmirror.com-verkkokaupasta rekister\u00f6itym\u00e4ll\u00e4 tai ilman rekister\u00f6itymist\u00e4 tai ottamalla yhteytt\u00e4 osoitteeseen info@skandimirror.com.<\/p>\n<p class=\"p1\">2.2. Kaikilla t\u00e4ysi-ik\u00e4isill\u00e4 henkil\u00f6ill\u00e4, tai 14-18-vuotiailla alaik\u00e4isill\u00e4, joilla on vanhempiensa tai huoltajiensa suostumus, on oikeus tehd\u00e4 verkko-ostoksia osoitteessa skandimirror.com, lukuun ottamatta t\u00e4ysi-ik\u00e4isi\u00e4 henkil\u00f6it\u00e4, sek\u00e4 oikeushenkil\u00f6it\u00e4 ja edell\u00e4 mainittujen henkil\u00f6iden valtuutettuja edustajia.<\/p>\n<p class=\"p1\">2.3. Osto- ja myyntisopimus katsotaan tehdyksi siit\u00e4 hetkest\u00e4 alkaen, kun Ostaja valitsee haluamansa tuotteen, muodostaa ostoskorin, suorittaa skandimirror.com-verkkokaupassa m\u00e4\u00e4ritellyn prosessin, jonka viimeinen vaihe on tavaroiden maksaminen, ja se on voimassa siihen asti, kunnes t\u00e4m\u00e4n sopimuksen mukaiset velvoitteet on t\u00e4ytetty kokonaisuudessaan.<\/p>\n<p class=\"p1\"><b>3. Ostajan oikeudet ja velvollisuudet<\/b><\/p>\n<p class=\"p1\">3.1. Ostajan oikeudet:<\/p>\n<p class=\"p1\">3.1.1. Ostajalla on oikeus ostaa tuotteita skandimirror.com-verkkokaupasta sen s\u00e4\u00e4nt\u00f6jen ja Liettuan tasavallan lains\u00e4\u00e4d\u00e4nn\u00f6n mukaisesti.<\/p>\n<p class=\"p1\">3.1.2. Ostamalla tuotteita ostaja vahvistaa tuntevansa tuotteiden palauttamista koskevat s\u00e4\u00e4nn\u00f6t ja takuut.<\/p>\n<p class=\"p1\">3.1.3. Ostajalla on oikeus peruuttaa kauppasopimus ja vaihtaa tai palauttaa ostettu tuote n\u00e4iss\u00e4 s\u00e4\u00e4nn\u00f6iss\u00e4 vahvistetun menettelyn mukaisesti vain, jos tuote ei ole vahingoittunut tai sen ulkon\u00e4k\u00f6 ei ole muuttunut, sit\u00e4 ei ole k\u00e4ytetty (tuotetta ei ole koottu), se on noudettu ja se on s\u00e4ilynyt alkuper\u00e4ispakkauksessa.<\/p>\n<p class=\"p1\">3.1.4. Ostajalla on oikeus luoda henkil\u00f6kohtainen tili verkkokauppaan balticmirror.com ja hallita yhteystietojaan, toimitusosoitteita, seurata tilauksia, vastaanottaa uutiskirjeit\u00e4 tai peruuttaa uutiskirjeiden tilaus ja vaihtaa salasana.<\/p>\n<p class=\"p1\">3.1.5. Ostajalla, joka on ostanut virheellisen tuotteen skandimirror.com-sivustolta, on oikeus vaatia tuotteen virheiden ilmaista korjaamista tai virheellisen tuotteen korvaamista vastaavalla laadukkaalla tuotteella tai vaatia vastaavaa hinnanalennusta Myyj\u00e4lt\u00e4 tai purkaa sopimus yksipuolisesti ja vaatia hyvityst\u00e4.<\/p>\n<p class=\"p1\">3.2. Ostajan velvollisuudet:<\/p>\n<p class=\"p1\">3.2.1. Ostajan on ilmoitettava v\u00e4litt\u00f6m\u00e4sti muuttuneista ostajan tiedoista (toimitusosoite, s\u00e4hk\u00f6postiosoite ja muut myyntisopimuksen toteuttamisen kannalta tarpeelliset tiedot).<\/p>\n<p class=\"p1\">3.2.2. Ostajan on maksettava ostetut tavarat ja otettava ne vastaan s\u00e4\u00e4nn\u00f6iss\u00e4 m\u00e4\u00e4r\u00e4tyn menettelyn mukaisesti.<\/p>\n<p class=\"p1\">3.2.3. Ostaja ei saa ottaa tavaraa vastaan, jos pakkaus on vahingoittunut kuljetuksen aikana, ja ilmoitettava siit\u00e4 v\u00e4litt\u00f6m\u00e4sti myyj\u00e4lle puhelimitse numeroon +370 676 46447 tai s\u00e4hk\u00f6postitse osoitteeseen info@skandimirror.com.<\/p>\n<p class=\"p1\">3.2.4. Ostajan on noudatettava n\u00e4it\u00e4 k\u00e4ytt\u00f6ehtoja k\u00e4ytt\u00e4ess\u00e4\u00e4n skandimirror.com-sivustoa.<\/p>\n<p class=\"p1\"><b>4. Myyj\u00e4n oikeudet ja velvollisuudet<\/b><\/p>\n<p class=\"p1\">4.1. Myyj\u00e4n oikeudet:<\/p>\n<p class=\"p1\">4.1.1. Jos Ostaja yritt\u00e4\u00e4 vahingoittaa verkkokaupan toimintaa, Myyj\u00e4ll\u00e4 on oikeus rajoittaa tai keskeytt\u00e4\u00e4 Ostajan p\u00e4\u00e4sy verkkokauppaan sek\u00e4 peruuttaa Ostajan rekister\u00f6inti ilman ennakkoilmoitusta.<\/p>\n<p class=\"p1\">4.1.2. Vakavissa olosuhteissa Ostaja voi lopettaa verkkokaupan toiminnan v\u00e4liaikaisesti tai pysyv\u00e4sti ilmoittamatta siit\u00e4 etuk\u00e4teen Ostajalle ja ilman, ett\u00e4 Ostaja vastaa t\u00e4st\u00e4 aiheutuvista menetyksist\u00e4.<\/p>\n<p class=\"p1\">4.1.3. Myyj\u00e4ll\u00e4 on oikeus yksipuolisesti muuttaa n\u00e4it\u00e4 s\u00e4\u00e4nt\u00f6j\u00e4. Muutokset tulevat voimaan muutoshetkest\u00e4 alkaen.<\/p>\n<p class=\"p1\">4.1.4. Jos Myyj\u00e4 ei kykene t\u00e4ytt\u00e4m\u00e4\u00e4n tilausta ajoissa tai asianmukaisesti p\u00e4tevist\u00e4 syist\u00e4 johtuen, Myyj\u00e4ll\u00e4 on oikeus muuttaa toimitusehtoja ja -aikaa tai peruuttaa tilaus ilmoittamalla siit\u00e4 v\u00e4litt\u00f6m\u00e4sti Ostajalle ja palauttamalla mahdollisesti suoritetun maksun.<\/p>\n<p class=\"p1\">4.2. Myyj\u00e4n velvollisuudet:<\/p>\n<p class=\"p1\">4.2.1. Myyj\u00e4n on annettava Ostajalle mahdollisuus k\u00e4ytt\u00e4\u00e4 skandimirror.com-verkkokaupan tarjoamia palveluja.<\/p>\n<p class=\"p1\">4.2.2. Myyj\u00e4n on kunnioitettava ostajan oikeutta yksityisyyteen ja k\u00e4sitelt\u00e4v\u00e4 henkil\u00f6tietoja n\u00e4iden s\u00e4\u00e4nt\u00f6jen ja Liettuan tasavallan lakien mukaisesti.<\/p>\n<p class=\"p1\">4.2.3. Myyj\u00e4 sitoutuu toimittamaan ostajan tavarat s\u00e4\u00e4nt\u00f6jen mukaiseen osoitteeseen ja s\u00e4\u00e4nn\u00f6iss\u00e4 m\u00e4\u00e4ritellyin ehdoin.<\/p>\n<p class=\"p1\">4.2.4. Jos Myyj\u00e4 ei voi toimittaa Ostajan ostamaa tavaraa vaikeiden olosuhteiden vuoksi, Myyj\u00e4 sitoutuu tarjoamaan samanlaista tai mahdollisimman samanlaista tuotetta. Jos Ostaja kielt\u00e4ytyy, Myyj\u00e4 sitoutuu palauttamaan Ostajalle maksetut rahat 3 (kolmen) ty\u00f6p\u00e4iv\u00e4n kuluessa.<\/p>\n<p class=\"p1\"><b>5. Tavaroiden toimitus<\/b><\/p>\n<p class=\"p1\">5.1. Kuriiripalvelu toimittaa tavarat ostajan ilmoittamaan osoitteeseen.<\/p>\n<p class=\"p1\">5.2. Varastossa olevat tuotteet toimitetaan yleens\u00e4 3-5 ty\u00f6p\u00e4iv\u00e4n kuluessa. Myyj\u00e4 ei takaa, ett\u00e4 ennakoimattomien olosuhteiden vuoksi tavarat toimitetaan ajoissa. Ep\u00e4selviss\u00e4 tapauksissa ostajalla on oikeus ottaa yhteytt\u00e4 myyj\u00e4\u00e4n s\u00e4hk\u00f6postitse info@skandimirror.com.<\/p>\n<p class=\"p1\">5.3 Tavaroiden toimitus on maksutonta.<\/p>\n<p class=\"p1\">5.4 Tavarat toimitetaan sellaiseen paikkaan, josta on mahdollista p\u00e4\u00e4st\u00e4 perille.<\/p>\n<p class=\"p1\">5.5. Myyj\u00e4 toimittaa tavaran tuotekuvauksessa ilmoitettujen ehtojen mukaisesti. N\u00e4m\u00e4 ehdot ovat alustavia. Jos tavaroita ei ole varastossa, ostajalle ilmoitetaan tilauksen etenemisest\u00e4. Ostaja hyv\u00e4ksyy sen, ett\u00e4 poikkeustapauksissa tavaroiden toimitus voi viiv\u00e4sty\u00e4 myyj\u00e4st\u00e4 riippumattomista syist\u00e4.<\/p>\n<p class=\"p1\">5.6. Jos tavaroita ei ole varastossa, toimitusaika (8 viikkoa) on alustava. Toimitusaika alkaa siit\u00e4 hetkest\u00e4, kun tavarat on maksettu. Jos toimitus viiv\u00e4styy Myyj\u00e4st\u00e4 riippumattomista syist\u00e4, Ostajan on otettava v\u00e4litt\u00f6m\u00e4sti yhteytt\u00e4 ja sovittava uudesta toimitusajasta ja muista ehdoista. Jos tavaroita ei toimiteta lis\u00e4toimitusajan pident\u00e4misen j\u00e4lkeen, ostaja voi yksipuolisesti purkaa myyntisopimuksen ja kielt\u00e4yty\u00e4 tavaroista.<\/p>\n<p class=\"p1\">5.7. Ostajan on tavaran toimituksen aikana tarkastettava tavaran kunto, m\u00e4\u00e4r\u00e4, laatu ja tyyppi.<\/p>\n<p class=\"p1\">5.8. Jos pakkaus on vahingoittunut, ostajan on ilmoitettava siit\u00e4 kuljetusyrityksen edustajan toimittamassa asiakirjassa. T\u00e4ss\u00e4 tapauksessa l\u00e4hetyst\u00e4 ei voida hyv\u00e4ksy\u00e4 ja tavara voidaan palauttaa sen j\u00e4lkeen, kun kuljetusyrityksen edustajan kanssa on laadittu vapaamuotoinen raportti, jossa mainitaan todetut puutteet.<\/p>\n<p class=\"p1\">5.9. Tavaroiden toimituksen j\u00e4lkeen ostajan osoitteeseen tavaroita pidet\u00e4\u00e4n toimitettuina ostajalle. Jos tavaroita ei toimiteta suunniteltuna toimitusp\u00e4iv\u00e4n\u00e4, ostajan on otettava v\u00e4litt\u00f6m\u00e4sti yhteytt\u00e4 myyj\u00e4\u00e4n, kuitenkin viimeist\u00e4\u00e4n seuraavana p\u00e4iv\u00e4n\u00e4 suunnitellusta toimitusp\u00e4iv\u00e4st\u00e4. Muussa tapauksessa ostaja menett\u00e4\u00e4 oikeuden esitt\u00e4\u00e4 tavaran toimitukseen liittyvi\u00e4 vaatimuksia myyj\u00e4\u00e4 kohtaan.<\/p>\n<p class=\"p1\"><b>6. Palautukset ja takuut<\/b><\/p>\n<p class=\"p1\">6.1. Ostajalla on oikeus palauttaa skandimirror.com-verkkokaupasta ostamansa tuote 14 p\u00e4iv\u00e4n kuluessa toimitusp\u00e4iv\u00e4st\u00e4.<\/p>\n<p class=\"p1\">6.2. Yksitt\u00e4isen\u00e4 tilauser\u00e4n\u00e4 tilattuja tuotteita ei voida palauttaa.<\/p>\n<p class=\"p1\">6.3. Tuotteen palauttamisesta on ilmoitettava Myyj\u00e4lle s\u00e4hk\u00f6postitse osoitteeseen info@skandimirror.com.<\/p>\n<p class=\"p1\">6.4. Tavaroissa tai kokoonpanossa olevista virheist\u00e4 on ilmoitettava 2 p\u00e4iv\u00e4n kuluessa tavaran vastaanottamisesta. Ilmoitettaessa virheest\u00e4 tai reklamaatiosta myyj\u00e4lle tuotteen on oltava kokoamattomana.<\/p>\n<p class=\"p1\">6.5. Vastaanotettuaan ilmoituksen tavaran virheist\u00e4 tai puutteista Ostaja sitoutuu toimittamaan v\u00e4litt\u00f6m\u00e4sti s\u00e4hk\u00f6postitse osoitteeseen info@skandimirror.com kelvollista kuvamateriaalia, ja Myyj\u00e4 ottaa yhteytt\u00e4 Ostajaan ja sitoutuu tavaran saapuessa tai l\u00e4htiess\u00e4 selvitt\u00e4m\u00e4\u00e4n ja poistamaan virheen syyn.<\/p>\n<p class=\"p1\">6.6. Ostaja maksaa tuotteen palauttamisesta aiheutuvat kustannukset.<\/p>\n<p class=\"p1\">6.7. Tavaroita palautettaessa niiden on oltava:<\/p>\n<p class=\"p1\">6.7.1. Alkuper\u00e4isess\u00e4 ja siistiss\u00e4 pakkauksessa,<\/p>\n<p class=\"p1\">6.7.2. Ei koottuna tai testattuna,<\/p>\n<p class=\"p1\">6.7.3. Ostaja ei ole vahingoittanut, naarmuttanut tai muuten vahingoittanut niit\u00e4,<\/p>\n<p class=\"p1\">6.7.4. Alkuper\u00e4isill\u00e4 varusteilla,<\/p>\n<p class=\"p1\">6.7.5. Ulkoisesti myyntikelpoisena.<\/p>\n<p class=\"p1\">6.8. Takuuaika - 24 kuukautta.<\/p>\n<p class=\"p1\">6.9. Takuu raukeaa, jos:<\/p>\n<p class=\"p1\">6.9.1. Tuote on vahingoittunut tapaturman tai huolimattomuuden vuoksi (esimerkiksi peilin rikkoutuminen) ostajan virheest\u00e4 johtuen.<\/p>\n<p class=\"p1\">6.9.2. Tuote on koottu ja asennettu v\u00e4\u00e4rin, siin\u00e4 on k\u00e4ytetty toisen valmistajan osia, mink\u00e4 seurauksena tuote on vaurioitunut tai se ei toimi.<\/p>\n<p class=\"p1\">6.9.3. Tuotteen tahallinen vahingoittaminen v\u00e4\u00e4r\u00e4nlaisen k\u00e4yt\u00f6n tai huollon vuoksi.<\/p>\n<p class=\"p1\">6.9.4. Tuotteessa on luonnollisen kulumisen merkkej\u00e4.<\/p>\n<p class=\"p1\">6.10. Ostajan on tarkastettava tuote huolellisesti ennen asennusta. Asennusty\u00f6n j\u00e4lkeen reklamaatioita ei hyv\u00e4ksyt\u00e4 tuotteista, joissa on ilmeisi\u00e4 vikoja, eik\u00e4 my\u00f6sk\u00e4\u00e4n silloin, kun tuotteessa havaitaan v\u00e4\u00e4r\u00e4 v\u00e4ris\u00e4vy tai muoto.<\/p>\n<p class=\"p1\">6.11. Myyj\u00e4 sitoutuu korjaamaan sellaiset tuotteen virheet takuuaikana veloituksetta, jotka ovat voineet johtua valmistajan virheest\u00e4.<\/p>\n<p class=\"p1\"><b>7. Henkil\u00f6tietojen k\u00e4sittely<\/b><\/p>\n<p class=\"p1\">7.1. Genom att klicka p\u00e5 knappen &#8220;Best\u00e4ll&#8221; bekr\u00e4ftar k\u00f6paren att det inte finns n\u00e5gra inv\u00e4ndningar mot att s\u00e4ljaren behandlar de personuppgifter som k\u00f6paren l\u00e4mnat f\u00f6r att identifiera k\u00f6paren, ing\u00e5 avtal, genomf\u00f6ra samt f\u00f6r direktmarknadsf\u00f6ring.<\/p>\n<p class=\"p1\">7.2. Tilaamalla uutiskirjeen Ostaja vahvistaa suostuvansa saamaan tietoa ja mainosmateriaalia Myyj\u00e4lt\u00e4 tai valitsemaltaan kolmannelta osapuolelta Ostajan ilmoittamaan s\u00e4hk\u00f6postiosoitteeseen tai puhelinnumeroon.<\/p>\n<p class=\"p1\">7.3. Ostajalla on oikeus kielt\u00e4yty\u00e4 antamasta henkil\u00f6tietoja, mutta h\u00e4n ymm\u00e4rt\u00e4\u00e4, ett\u00e4 henkil\u00f6tiedot ovat v\u00e4ltt\u00e4m\u00e4tt\u00f6mi\u00e4 myyntisopimuksen asianmukaisen toteuttamisen kannalta. Tietojen antamatta j\u00e4tt\u00e4minen tai virheellisten tietojen antaminen voi johtaa myyntisopimuksen purkamiseen.<\/p>\n<p class=\"p1\">8. Loppus\u00e4\u00e4nn\u00f6kset<\/p>\n<p class=\"p1\">8.1. N\u00e4m\u00e4 s\u00e4\u00e4nn\u00f6t on laadittu Liettuan tasavallassa voimassa olevan lains\u00e4\u00e4d\u00e4nn\u00f6n mukaisesti.<\/p>\n<p class=\"p1\">8.2. Kaikki erimielisyydet tai riidat ratkaistaan neuvottelujen avulla. Jos erimielisyytt\u00e4 ei voida sovitella, riita ratkaistaan Liettuan tasavallan lains\u00e4\u00e4d\u00e4nn\u00f6ss\u00e4 s\u00e4\u00e4detyn menettelyn mukaisesti.<\/p>\n\n\t\t<\/div>\n\t<\/div>\n<\/div><\/div><\/div><div class=\"wpb_column vc_column_container vc_col-sm-2 et-dark-column\"><div class=\"vc_column-inner\"><div class=\"wpb_wrapper\"><\/div><\/div><\/div><\/div><\/div>\n<\/section>","protected":false},"excerpt":{"rendered":"1. Allm\u00e4nna best\u00e4mmelser 1.1. \u00c4gare och administrat\u00f6r av webbplatsen \u00e4r MB Avyt\u0117s prekyba, organisationsnummer 304947448 (nedan - S\u00e4ljare). 1.2. Dessa ink\u00f6ps- och f\u00f6rs\u00e4ljningsregler (nedan - regler) g\u00e4ller f\u00f6r varje k\u00f6p som k\u00f6paren g\u00f6r i n\u00e4tbutiken balticmirror.com (nedan - k\u00f6pare) och varje f\u00f6rs\u00e4ljningsavtal mellan k\u00f6paren och s\u00e4ljaren. 1.3. Best\u00e4mmelserna i Republiken&hellip;","protected":false},"author":2,"featured_media":0,"parent":0,"menu_order":0,"comment_status":"closed","ping_status":"closed","template":"","meta":[],"_links":{"self":[{"href":"https:\/\/skandimirror.com\/fi\/wp-json\/wp\/v2\/pages\/347"}],"collection":[{"href":"https:\/\/skandimirror.com\/fi\/wp-json\/wp\/v2\/pages"}],"about":[{"href":"https:\/\/skandimirror.com\/fi\/wp-json\/wp\/v2\/types\/page"}],"author":[{"embeddable":true,"href":"https:\/\/skandimirror.com\/fi\/wp-json\/wp\/v2\/users\/2"}],"replies":[{"embeddable":true,"href":"https:\/\/skandimirror.com\/fi\/wp-json\/wp\/v2\/comments?post=347"}],"version-history":[{"count":11,"href":"https:\/\/skandimirror.com\/fi\/wp-json\/wp\/v2\/pages\/347\/revisions"}],"predecessor-version":[{"id":475,"href":"https:\/\/skandimirror.com\/fi\/wp-json\/wp\/v2\/pages\/347\/revisions\/475"}],"wp:attachment":[{"href":"https:\/\/skandimirror.com\/fi\/wp-json\/wp\/v2\/media?parent=347"}],"curies":[{"name":"wp","href":"https:\/\/api.w.org\/{rel}","templated":true}]}}