{"id":3,"date":"2022-10-12T10:09:49","date_gmt":"2022-10-12T10:09:49","guid":{"rendered":"https:\/\/skandimirror.com\/?page_id=3"},"modified":"2022-12-06T04:16:15","modified_gmt":"2022-12-06T04:16:15","slug":"integritetspolicy","status":"publish","type":"page","link":"https:\/\/skandimirror.com\/fi\/integritetspolicy\/","title":{"rendered":"Yksityisyydensuojak\u00e4yt\u00e4nt\u00f6"},"content":{"rendered":"<section class=\"wpb-content-wrapper\"><div  class=\"sec_row container\"><div class=\"vc_row wpb_row vc_row-fluid\"><div class=\"wpb_column vc_column_container vc_col-sm-2 et-dark-column\"><div class=\"vc_column-inner\"><div class=\"wpb_wrapper\"><\/div><\/div><\/div><div class=\"wpb_column vc_column_container vc_col-sm-8 et-dark-column\"><div class=\"vc_column-inner\"><div class=\"wpb_wrapper\">\n\t<div class=\"wpb_text_column wpb_content_element\" >\n\t\t<div class=\"wpb_wrapper\">\n\t\t\t<p class=\"p1\">Henkil\u00f6tietojen k\u00e4sittely\u00e4 koskevat s\u00e4\u00e4nn\u00f6t<\/p>\n<p class=\"p1\">Yleiset s\u00e4\u00e4nn\u00f6kset<\/p>\n<p class=\"p1\">1.1. Rekisterinpit\u00e4j\u00e4 ja verkkosivuston skandimirror.com yll\u00e4pit\u00e4j\u00e4 (j\u00e4ljemp\u00e4n\u00e4 \"rekisterinpit\u00e4j\u00e4\") on MB Avytes prekyba, yritystunnus 304947448, s\u00e4hk\u00f6postiosoite - info@skandimirror.com, puhelinnumero +370 676 46447, pankkitili Swedbank LT327300010156894264.<\/p>\n<p class=\"p1\">1.2. N\u00e4iss\u00e4 henkil\u00f6tietojen k\u00e4sittelys\u00e4\u00e4nn\u00f6iss\u00e4 (j\u00e4ljemp\u00e4n\u00e4 s\u00e4\u00e4nn\u00f6t) kuvataan MB Avytes Prekyna -yrityksen tietojenk\u00e4sittelytoimia silloin, kun yritys toimii rekisterinpit\u00e4j\u00e4n\u00e4 eli ker\u00e4\u00e4 asiakkaiden, toimittajien tai ty\u00f6ntekij\u00f6iden henkil\u00f6tietoja ja huolehtii niiden k\u00e4sittelyn tarkoituksesta ja keinoista.<\/p>\n<p class=\"p1\">1.3. K\u00e4vij\u00f6iden henkil\u00f6tietojen k\u00e4sittelyst\u00e4 s\u00e4\u00e4det\u00e4\u00e4n EU:n yleisess\u00e4 tietosuoja-asetuksessa 2016\/679 (j\u00e4ljemp\u00e4n\u00e4 BDAR), Liettuan tasavallan henkil\u00f6tietojen suojaa koskevassa laissa ja muissa s\u00e4\u00e4d\u00f6ksiss\u00e4 sek\u00e4 n\u00e4iss\u00e4 s\u00e4\u00e4nn\u00f6iss\u00e4.<\/p>\n<p class=\"p1\">2. Henkil\u00f6kohtaisten tietojen k\u00e4sittely<\/p>\n<p class=\"p1\">2.1. Sivuston skandimirror.com k\u00e4ytt\u00e4j\u00e4 (j\u00e4ljemp\u00e4n\u00e4 \"k\u00e4vij\u00e4\") hyv\u00e4ksyy, ett\u00e4 rekister\u00f6innin, tilauksen ja tilauksen yhteydess\u00e4 annettuja henkil\u00f6tietoja k\u00e4sitell\u00e4\u00e4n n\u00e4iden s\u00e4\u00e4nt\u00f6jen mukaisesti.<\/p>\n<p class=\"p1\">2.2. Henkil\u00f6tietoja k\u00e4sitell\u00e4\u00e4n (BDAR:n 6 artiklan mukaisesti):<\/p>\n<p class=\"p1\">2.2.1. Henkil\u00f6n antamalla suostumuksella,<\/p>\n<p class=\"p1\">2.2.2. Jos henkil\u00f6tietojen k\u00e4sittely on tarpeen sopimuksen t\u00e4ytt\u00e4miseksi tai erityisten toimenpiteiden toteuttamiseksi sopimuksen t\u00e4ytt\u00e4miseksi ennen sen tekemist\u00e4,<\/p>\n<p class=\"p1\">2.2.3. V\u00e4ltt\u00e4m\u00e4tt\u00f6m\u00e4n\u00e4 yrityksen henkil\u00f6tietojen k\u00e4sittelyvelvollisuuden varmistamiseksi, esimerkiksi laatimalla tarvittavat asiakirjat (laskut) tai toimittamalla tietoja verotoimistolle.<\/p>\n<p class=\"p1\">2.3. Vierailijalla on oikeus tutustua henkil\u00f6tietoihinsa ja pyyt\u00e4\u00e4 virheellisten, ep\u00e4tarkkojen henkil\u00f6tietojen oikaisua tai muiden puutteiden korjaamista ottamalla yhteytt\u00e4 osoitteeseen info@skandimirror.com.<\/p>\n<p class=\"p1\">2.4. For at registrere en bes\u00f8gende i e-shoppen som bruger indsamles kun e-mailadressen.<\/p>\n<p class=\"p1\">2.5. Efter att ha klickat p\u00e5 knappen &#8220;Best\u00e4ll&#8221; och k\u00f6pt produkten eller produkterna (ing\u00e5tt ett k\u00f6pe- och f\u00f6rs\u00e4ljningsavtal) och betalat via den valda externa banktj\u00e4nstleverant\u00f6ren samlas k\u00f6parens namn, exakta bostadsort, e-postadress, telefonnummer och annan information som anges under best\u00e4llningen in.<\/p>\n<p class=\"p1\">2.6. Kun tilaat uutiskirjeen, ker\u00e4\u00e4mme vain s\u00e4hk\u00f6postiosoitteesi.<\/p>\n<p class=\"p1\">2.7. Rekisterinpit\u00e4j\u00e4 kunnioittaa jokaisen vierailijan oikeutta yksityisyyteen, ja k\u00e4vij\u00e4 voi antaa suostumuksensa tai vastustaa henkil\u00f6tietojensa k\u00e4ytt\u00f6\u00e4 suoramarkkinointitarkoituksiin. H\u00e4n voi tehd\u00e4 t\u00e4m\u00e4n merkitsem\u00e4ll\u00e4 rastin ruutuun.<\/p>\n<p class=\"p1\">2.8. Henkil\u00f6tietojen k\u00e4sittelyss\u00e4 k\u00e4ytet\u00e4\u00e4n turvatoimia, joilla tiedot suojataan luvattomalta tuhoamiselta, luovuttamiselta tai muulta laittomalta toiminnalta.<\/p>\n<p class=\"p1\">2.9. Rekisterinpit\u00e4j\u00e4 voi my\u00f6s ker\u00e4t\u00e4 tietoja, jotka vierailijan selain antaa h\u00e4nen vieraillessaan sivustolla tai k\u00e4ytt\u00e4ess\u00e4\u00e4n sivustoa mobiililaitteen kautta. T\u00e4llaisia tietoja ovat esimerkiksi IP-osoite, selaimet, laitetyyppi, tiedot aiemmin vierailluista verkkosivustoista ja muut vierailijan laitteeseen liittyv\u00e4t tunnisteet.<\/p>\n<p class=\"p1\">2.10. Verkkosivusto k\u00e4ytt\u00e4\u00e4 ev\u00e4steit\u00e4, jotka kertovat vierailijan toiminnasta verkkosivustolla. Pakollisia ev\u00e4steit\u00e4 k\u00e4ytet\u00e4\u00e4n vain verkkosivuston toimivuuden varmistamiseen, k\u00e4ytt\u00e4j\u00e4tilin luomiseen, kirjautumiseen ja tilausten k\u00e4sittelyyn.<\/p>\n<p class=\"p1\">2.11. Henkil\u00f6tiedot tallennetaan tietokantaan ja niit\u00e4 k\u00e4ytet\u00e4\u00e4n v\u00e4hint\u00e4\u00e4n 5 vuotta siit\u00e4, kun vierailija on viimeksi k\u00e4ytt\u00e4nyt sis\u00e4lt\u00f6\u00e4 tai palveluja.<\/p>\n<p class=\"p1\">3. Vierailijan oikeudet<\/p>\n<p class=\"p1\">3.1. Vierailijalla on oikeus saada p\u00e4\u00e4sy rekisterinpit\u00e4j\u00e4n k\u00e4sittelemiin henkil\u00f6tietoihin sek\u00e4 oikeus kielt\u00e4yty\u00e4 tietojen k\u00e4sittelyst\u00e4, peruuttaa suostumus ja pyyt\u00e4\u00e4 henkil\u00f6tietojen muuttamista tai t\u00e4ydent\u00e4mist\u00e4. Oikeus kielt\u00e4yty\u00e4 henkil\u00f6tietojen k\u00e4sittelyst\u00e4 ei ole ehdoton, sill\u00e4 osa henkil\u00f6tietojen k\u00e4sittelyst\u00e4 on pakollista laissa s\u00e4\u00e4detyn menettelyn mukaisesti.<\/p>\n<p class=\"p1\">3.2. Vierailijalla on oikeus kielt\u00e4yty\u00e4 vastaanottamasta uutiskirjeit\u00e4 tai muita tarjouksia.<\/p>\n<p class=\"p1\">3.3. Vierailijalla on oikeus siirt\u00e4\u00e4 tietoja, kun niit\u00e4 k\u00e4sitell\u00e4\u00e4n s\u00e4hk\u00f6isesti.<\/p>\n<p class=\"p1\">3.4. Vierailija voi k\u00e4ytt\u00e4\u00e4 kaikkia oikeuksiaan l\u00e4hett\u00e4m\u00e4ll\u00e4 pyynn\u00f6n s\u00e4hk\u00f6postitse osoitteeseen info@sksndimirror.com.<\/p>\n<p class=\"p1\">4. Ev\u00e4stek\u00e4yt\u00e4nt\u00f6<\/p>\n<p class=\"p1\">4.1. Pakolliset ev\u00e4steet ovat edellytys verkkokaupan skandimirror.com k\u00e4ytt\u00e4miselle. Jos pakolliset ev\u00e4steet poistetaan k\u00e4yt\u00f6st\u00e4, verkkokauppa ei v\u00e4ltt\u00e4m\u00e4tt\u00e4 toimi.<\/p>\n<p class=\"p1\">4.2. Kaikki k\u00e4ytetyt ev\u00e4steet auttavat varmistamaan verkkosivuston toimivuuden, luomaan k\u00e4ytt\u00e4j\u00e4tilin, kirjautumaan sis\u00e4\u00e4n ja hallinnoimaan tilauksia.<\/p>\n<p class=\"p1\">4.3. Verkkosivusto k\u00e4ytt\u00e4\u00e4 Google Analyticsia, joka ker\u00e4\u00e4 verkkosivustoa koskevia tietoja ev\u00e4steiden avulla.<\/p>\n<p class=\"p1\">4.4. Sivusto k\u00e4ytt\u00e4\u00e4 Facebookia ja muita sosiaalisen verkostoitumisen lis\u00e4osia. N\u00e4iden palveluntarjoajien ker\u00e4\u00e4m\u00e4t tiedot saat selville lukemalla sosiaalisten verkostojen tietosuojak\u00e4yt\u00e4nn\u00f6t.<\/p>\n<p class=\"p1\">4.5. Lis\u00e4tietoja ev\u00e4steiden toiminnasta sek\u00e4 niiden hallinnasta ja poistamisesta saat osoitteesta www.cookiecentral.com tai http:\/\/www.allaboutcookies.org\/.<\/p>\n<p class=\"p1\">5. S\u00e4\u00e4nt\u00f6jen muuttaminen<\/p>\n<p class=\"p1\">5.1. Rekisterinpit\u00e4j\u00e4ll\u00e4 on oikeus muuttaa n\u00e4it\u00e4 s\u00e4\u00e4nt\u00f6j\u00e4 yksipuolisesti. Muutokset tulevat voimaan siit\u00e4 hetkest\u00e4, kun ne julkaistaan verkkosivustolla.<\/p>\n<p class=\"p1\">6. Henkil\u00f6tietojen siirto kolmansille osapuolille<\/p>\n<p class=\"p1\">6.1. Verkkosivustolla on saatavilla kolmannen osapuolen mainoksia. Tiedot kolmansien osapuolten tietosuojak\u00e4yt\u00e4nn\u00f6ist\u00e4 l\u00f6ytyv\u00e4t kolmansien osapuolten verkkosivustoilta.<\/p>\n<p class=\"p1\">6.2. Henkil\u00f6tietoja voidaan siirt\u00e4\u00e4 luotetuille kolmansille osapuolille, jotta henkil\u00f6tietojen k\u00e4sittelyn tarkoitukset voidaan varmistaa ja t\u00e4ytt\u00e4\u00e4 asianmukaisesti (esimerkiksi kuriiripalvelut, jotka toimittavat tavarat vierailijoiden ilmoittamaan osoitteeseen, s\u00e4hk\u00f6isi\u00e4 pankki- ja maksupalveluja tarjoavat kumppanit tai muut palveluntarjoajat). jotka ovat v\u00e4ltt\u00e4m\u00e4tt\u00f6mi\u00e4 tietyn palvelun suorittamiseksi.<\/p>\n<p class=\"p1\">7. Loppus\u00e4\u00e4nn\u00f6kset<\/p>\n<p class=\"p1\">7.1. T\u00e4m\u00e4 tietosuojak\u00e4yt\u00e4nt\u00f6 on p\u00e4ivitetty viimeksi 06\/12\/2021.<\/p>\n<p class=\"p1\">7.2. Jos olet ep\u00e4varma, ota yhteytt\u00e4 osoitteeseen info@skandimirror.com.<\/p>\n\n\t\t<\/div>\n\t<\/div>\n<\/div><\/div><\/div><div class=\"wpb_column vc_column_container vc_col-sm-2 et-dark-column\"><div class=\"vc_column-inner\"><div class=\"wpb_wrapper\"><\/div><\/div><\/div><\/div><\/div>\n<\/section>","protected":false},"excerpt":{"rendered":"Regler f\u00f6r behandling av personuppgifter Allm\u00e4nna best\u00e4mmelser 1.1. Personuppgiftsansvarig och operat\u00f6r av webbplatsen skandimirror.com (nedan kallad den personuppgiftsansvarige) \u00e4r MB Avytes prekyba, organisationsnummer 304947448, e-postadress - info@skandimirror.com, telefonnummer +370 676 46447, bankkonto Swedbank LT327300010156894264. 1.2. Dessa regler f\u00f6r behandling av personuppgifter (nedan - regler) beskriver MB Avytes Prekyba databehandlingsaktiviteter n\u00e4r&hellip;","protected":false},"author":1,"featured_media":0,"parent":0,"menu_order":0,"comment_status":"closed","ping_status":"open","template":"","meta":[],"_links":{"self":[{"href":"https:\/\/skandimirror.com\/fi\/wp-json\/wp\/v2\/pages\/3"}],"collection":[{"href":"https:\/\/skandimirror.com\/fi\/wp-json\/wp\/v2\/pages"}],"about":[{"href":"https:\/\/skandimirror.com\/fi\/wp-json\/wp\/v2\/types\/page"}],"author":[{"embeddable":true,"href":"https:\/\/skandimirror.com\/fi\/wp-json\/wp\/v2\/users\/1"}],"replies":[{"embeddable":true,"href":"https:\/\/skandimirror.com\/fi\/wp-json\/wp\/v2\/comments?post=3"}],"version-history":[{"count":8,"href":"https:\/\/skandimirror.com\/fi\/wp-json\/wp\/v2\/pages\/3\/revisions"}],"predecessor-version":[{"id":468,"href":"https:\/\/skandimirror.com\/fi\/wp-json\/wp\/v2\/pages\/3\/revisions\/468"}],"wp:attachment":[{"href":"https:\/\/skandimirror.com\/fi\/wp-json\/wp\/v2\/media?parent=3"}],"curies":[{"name":"wp","href":"https:\/\/api.w.org\/{rel}","templated":true}]}}