{"id":960,"date":"2024-01-11T11:57:37","date_gmt":"2024-01-11T11:57:37","guid":{"rendered":"https:\/\/skandimirror.com\/?post_type=product&#038;p=960"},"modified":"2025-11-26T11:07:31","modified_gmt":"2025-11-26T11:07:31","slug":"leo-1200x800mm-rektangular-spegel-med-svart-matt-ram-led-ljus-framtill","status":"publish","type":"product","link":"https:\/\/skandimirror.com\/da\/product\/leo-1200x800mm-rektangular-spegel-med-svart-matt-ram-led-ljus-framtill\/","title":{"rendered":"LEO 1200x800mm Rektangul\u00e6rt spejl med sort mat ramme \/ LED frontlys"},"content":{"rendered":"","protected":false},"excerpt":{"rendered":"<p>\u2713 Minimalistisk sort pulverlakeret aluminiumsramme.<\/p>\n<p>\u2713 En smart touch-knap, der g\u00f8r det nemt og enkelt at t\u00e6nde\/slukke spejlet, justere den \u00f8nskede lysstyrke og \u00e6ndre lystemperaturen.<\/p>\n<p>\u2713 Indbygget antidug-funktion betyder, at du ikke beh\u00f8ver at bekymre dig om t\u00e5get spejl: Denne funktion aktiveres automatisk, n\u00e5r spejlet t\u00e6ndes.<\/p>\n<p>\u2713 Lysets lysstyrke kan justeres fra 10 til 100 %.<\/p>\n<p>\u2713 Lysets temperatur kan \u00e6ndres fra 2700K til 6400K, afh\u00e6ngigt af form\u00e5let med at bruge spejlet og dit hum\u00f8r.<\/p>\n<p>\u2713 Pulverlakeret aluminiumsramme.<\/p>\n<p>\u2713 Pulverlakeret aluminiumsramme.<\/p>\n<p>\u2713 5mm h\u00f8jopl\u00f8st s\u00f8lvspejl uden kobber - uden oxidanter, uden skarpe kanter.<\/p>\n<p>\u2713 Antikorrosionsbel\u00e6gning.<\/p>\n<p>\u2713 Giver 50.000 timers levetid og 100.000 klik med ber\u00f8ringskontakten.<\/p>\n<p>\u2713 Ca. 4,6 gange lysere end et standard LED-spejl (lyset er nok til at lave make-up, barberer sig eller andre behov).<\/p>\n<p>\u2713 SMD2835 LED med h\u00f8j effekt.<\/p>\n<p>\u2713 Lysdiffusor sikrer bl\u00f8dt lys uden skygger.<\/p>\n<p>\u2713 IP44 vandafvisende klassificering (perfekt til badev\u00e6relset).<\/p>\n<p>\u2713 CE-certifikat.<\/p>\n<p>\u2713 ETL, RoHS-certifikater.<\/p>\n<p>\u2713 CRI &gt;90.<\/p>\n<p>\u2713 Let at installere.<\/p>\n<p>\u2713 36 m\u00e5neders garanti.<\/p>\n<p>\u2713 OPM\u00c6RKSOMHED! Spejlet kan monteres b\u00e5de lodret og vandret. Sensorisk kontakt - p\u00e5 h\u00f8jre side.<\/p>","protected":false},"featured_media":961,"template":"","meta":[],"product_cat":[22],"product_tag":[],"_links":{"self":[{"href":"https:\/\/skandimirror.com\/da\/wp-json\/wp\/v2\/product\/960"}],"collection":[{"href":"https:\/\/skandimirror.com\/da\/wp-json\/wp\/v2\/product"}],"about":[{"href":"https:\/\/skandimirror.com\/da\/wp-json\/wp\/v2\/types\/product"}],"wp:featuredmedia":[{"embeddable":true,"href":"https:\/\/skandimirror.com\/da\/wp-json\/wp\/v2\/media\/961"}],"wp:attachment":[{"href":"https:\/\/skandimirror.com\/da\/wp-json\/wp\/v2\/media?parent=960"}],"wp:term":[{"taxonomy":"product_cat","embeddable":true,"href":"https:\/\/skandimirror.com\/da\/wp-json\/wp\/v2\/product_cat?post=960"},{"taxonomy":"product_tag","embeddable":true,"href":"https:\/\/skandimirror.com\/da\/wp-json\/wp\/v2\/product_tag?post=960"}],"curies":[{"name":"wp","href":"https:\/\/api.w.org\/{rel}","templated":true}]}}