{"id":69,"date":"2021-02-25T00:00:00","date_gmt":"2021-02-25T00:00:00","guid":{"rendered":"https:\/\/skandimirror.com\/index.php\/product\/rene-600mm-apvalus-veidrodis-led-apsvietimas-is-priekio-ir-galo\/"},"modified":"2025-11-26T11:41:18","modified_gmt":"2025-11-26T11:41:18","slug":"rene-600mm-rund-spegel-led-ljus-pa-framsidan","status":"publish","type":"product","link":"https:\/\/skandimirror.com\/da\/product\/rene-600mm-rund-spegel-led-ljus-pa-framsidan\/","title":{"rendered":"RENE 600mm Rundt spejl \/ LED-front belysning"},"content":{"rendered":"","protected":false},"excerpt":{"rendered":"<p>\u2713 En smart touch-knap, der g\u00f8r det nemt og enkelt at t\u00e6nde\/slukke spejlet, justere den \u00f8nskede lysstyrke og \u00e6ndre lystemperaturen.<\/p>\n<p>\u2713 Indbygget antidug-funktion betyder, at du ikke beh\u00f8ver at bekymre dig om t\u00e5get spejl: Denne funktion aktiveres automatisk, n\u00e5r spejlet t\u00e6ndes.<\/p>\n<p>\u2713 Lysets lysstyrke kan justeres fra 10 til 100 %.<\/p>\n<p>\u2713 Lysets temperatur kan \u00e6ndres fra 2700K til 6500K, afh\u00e6ngigt af form\u00e5let med at bruge spejlet og dit hum\u00f8r.<\/p>\n<p>\u2713 5mm h\u00f8jopl\u00f8st s\u00f8lvspejl uden kobber - uden oxidanter, uden skarpe kanter.<\/p>\n<p>\u2713 Polerede kanter.<\/p>\n<p>\u2713 Antikorrosionsbel\u00e6gning.<\/p>\n<p>\u2713 Giver 50.000 timers levetid og 100.000 klik med ber\u00f8ringskontakten.<\/p>\n<p>\u2713 Ca. 4,6 gange lysere end et standard LED-spejl (lyset er nok til at lave make-up, barberer sig eller andre behov).<\/p>\n<p>\u2713 SMD2835 LED med h\u00f8j effekt.<\/p>\n<p>\u2713 Lysdiffusor sikrer bl\u00f8dt lys uden skygger.<\/p>\n<p>\u2713 IP44 vandafvisende klassificering (perfekt til badev\u00e6relset).<\/p>\n<p>\u2713 CE-certifikat.<\/p>\n<p>\u2713 ETL, RoHS-certifikater.<\/p>\n<p>\u2713 CRI &gt;90.<\/p>\n<p>\u2713 Let at installere.<\/p>\n<p>\u2713 36 m\u00e5neders garanti.<\/p>","protected":false},"featured_media":508,"template":"","meta":[],"product_cat":[20],"product_tag":[],"_links":{"self":[{"href":"https:\/\/skandimirror.com\/da\/wp-json\/wp\/v2\/product\/69"}],"collection":[{"href":"https:\/\/skandimirror.com\/da\/wp-json\/wp\/v2\/product"}],"about":[{"href":"https:\/\/skandimirror.com\/da\/wp-json\/wp\/v2\/types\/product"}],"wp:featuredmedia":[{"embeddable":true,"href":"https:\/\/skandimirror.com\/da\/wp-json\/wp\/v2\/media\/508"}],"wp:attachment":[{"href":"https:\/\/skandimirror.com\/da\/wp-json\/wp\/v2\/media?parent=69"}],"wp:term":[{"taxonomy":"product_cat","embeddable":true,"href":"https:\/\/skandimirror.com\/da\/wp-json\/wp\/v2\/product_cat?post=69"},{"taxonomy":"product_tag","embeddable":true,"href":"https:\/\/skandimirror.com\/da\/wp-json\/wp\/v2\/product_tag?post=69"}],"curies":[{"name":"wp","href":"https:\/\/api.w.org\/{rel}","templated":true}]}}