{"id":275,"date":"2022-11-01T00:00:00","date_gmt":"2022-11-01T00:00:00","guid":{"rendered":"https:\/\/skandimirror.com\/index.php\/product\/lily-1200x800mm-staciakampis-veidrodis-led-apsvietimas-is-priekio-ir-galo-rgb\/"},"modified":"2026-02-16T07:41:25","modified_gmt":"2026-02-16T07:41:25","slug":"hugo-1200x800mm-rektangular-spegel-led-ljus-fram-och-bak-2-led-strips","status":"publish","type":"product","link":"https:\/\/skandimirror.com\/da\/product\/hugo-1200x800mm-rektangular-spegel-led-ljus-fram-och-bak-2-led-strips\/","title":{"rendered":"HUGO 1200x800mm Rektangul\u00e6rt spejl \/ LED lys for og bag \/ 2 LED strips"},"content":{"rendered":"","protected":false},"excerpt":{"rendered":"<p>\u2713 NYHED! Rektangul\u00e6rt spejl med 2 LED-strips, der kan t\u00e6ndes separat.<\/p>\n<p>\u2713 2 LED-strips er integreret, s\u00e5 det er muligt at t\u00e6nde: 1) kun frontbelysning; 2) kun baglygter; 3) begge lys.<\/p>\n<p>\u2713 En smart touch-knap, der g\u00f8r det nemt og enkelt at t\u00e6nde\/slukke spejlet, justere den \u00f8nskede lysstyrke og \u00e6ndre lystemperaturen.<\/p>\n<p>\u2713 Indbygget anti-dug-funktion betyder, at du ikke beh\u00f8ver at bekymre dig om t\u00e5get spejl: en separat touch-knap er integreret til denne funktion.<\/p>\n<p>\u2713 Ljusstyrkan p\u00e5 ljuset \u00e4r justerbar fr\u00e5n 10 till 100 %.<\/p>\n<p>\u2713 Ljustemperaturen kan \u00e4ndras fr\u00e5n 2700K till 6400K, beroende p\u00e5 syftet med spegeln och ditt hum\u00f6r.<\/p>\n<p>\u2713 5 mm h\u00f8jopl\u00f8st s\u00f8lvspejl uden kobber - uden oxidanter, uden skarpe kanter.<\/p>\n<p>\u2713 Polerede kanter.<\/p>\n<p>\u2713 Anti-korrosionsbel\u00e4ggning.<\/p>\n<p>\u2713 Ger 50 000 timmars livsl\u00e4ngd och 100 000 tryckknappsklick.<\/p>\n<p>\u2713 Cirka 4,6 g\u00e5nger ljusare \u00e4n en vanlig LED-spegel (ljus \u00e4r tillr\u00e4ckligt f\u00f6r att g\u00f6ra smink, rakning eller andra behov).<\/p>\n<p>\u2713 H\u00f8jeffekt SMD2835 LED.<\/p>\n<p>\u2713 Ljusspridare s\u00e4kerst\u00e4ller mjukt ljus utan skuggor.<\/p>\n<p>\u2713 IP44 vattent\u00e4t klass (perfekt f\u00f6r badrummet).<\/p>\n<p>\u2713 CE-certifikat.<\/p>\n<p>\u2713 ETL, RoHS-certifikat.<\/p>\n<p>\u2713 CRI &gt;90.<\/p>\n<p>\u2713 Let at installere.<\/p>\n<p>\u2713 36 m\u00e5neders garanti.<\/p>","protected":false},"featured_media":1565,"template":"","meta":[],"product_cat":[22],"product_tag":[],"_links":{"self":[{"href":"https:\/\/skandimirror.com\/da\/wp-json\/wp\/v2\/product\/275"}],"collection":[{"href":"https:\/\/skandimirror.com\/da\/wp-json\/wp\/v2\/product"}],"about":[{"href":"https:\/\/skandimirror.com\/da\/wp-json\/wp\/v2\/types\/product"}],"wp:featuredmedia":[{"embeddable":true,"href":"https:\/\/skandimirror.com\/da\/wp-json\/wp\/v2\/media\/1565"}],"wp:attachment":[{"href":"https:\/\/skandimirror.com\/da\/wp-json\/wp\/v2\/media?parent=275"}],"wp:term":[{"taxonomy":"product_cat","embeddable":true,"href":"https:\/\/skandimirror.com\/da\/wp-json\/wp\/v2\/product_cat?post=275"},{"taxonomy":"product_tag","embeddable":true,"href":"https:\/\/skandimirror.com\/da\/wp-json\/wp\/v2\/product_tag?post=275"}],"curies":[{"name":"wp","href":"https:\/\/api.w.org\/{rel}","templated":true}]}}