{"id":329,"date":"2022-11-05T08:45:55","date_gmt":"2022-11-05T08:45:55","guid":{"rendered":"https:\/\/skandimirror.com\/?page_id=329"},"modified":"2022-11-24T09:21:49","modified_gmt":"2022-11-24T09:21:49","slug":"vanliga-fragor","status":"publish","type":"page","link":"https:\/\/skandimirror.com\/da\/vanliga-fragor\/","title":{"rendered":"FAQ"},"content":{"rendered":"<section class=\"wpb-content-wrapper\"><div  class=\"sec_row container\"><div class=\"vc_row wpb_row vc_row-fluid\"><div class=\"wpb_column vc_column_container vc_col-sm-2 et-dark-column\"><div class=\"vc_column-inner\"><div class=\"wpb_wrapper\"><\/div><\/div><\/div><div class=\"wpb_column vc_column_container vc_col-sm-8 et-dark-column\"><div class=\"vc_column-inner\"><div class=\"wpb_wrapper\"><div  class=\"vc_toggle vc_toggle_default vc_toggle_color_default  vc_toggle_size_md\"><div class=\"vc_toggle_title\"><h4>Hvordan v\u00e6lger man LED-spejl?<\/h4><i class=\"vc_toggle_icon\"><\/i><\/div><div class=\"vc_toggle_content\"><p class=\"p1\">Se p\u00e5 spejlets form, st\u00f8rrelse, belysningstype, samt det rum, hvor spejlet skal h\u00e6nges. V\u00e6lg spejlets form efter de dominerende former og linjer i interi\u00f8ret. Har du flere runde, ovale former \u2013 v\u00e6lg det runde eller ovale spejl. Hvis der er mange hj\u00f8rner, strenge linjer - v\u00e6lg et firkantet eller rektangul\u00e6rt spejl. For at give interi\u00f8ret noget unikt - v\u00e6lg et ikke-traditionelt spejl. St\u00f8rrelse er nok det vigtigste kriterium ved valg af spejl. M\u00e5l dit skab, din vask, afstand fra v\u00e6gge. Husk, at spejle visuelt \u00f8ger rummet, s\u00e5 valget af et st\u00f8rre spejl vil give indtryk af, at rummet er st\u00f8rre. Hvis du \u00f8nsker, at spejlet kun skal tjene som en detalje i interi\u00f8ret - kan du v\u00e6lge det mindre LED-spejl. Lysets styrke afh\u00e6nger af belysningstypen. Valg af det spejl, der kun har baggrundsbelysning, vil g\u00f8re lyset mindre lyst, mens valg af LED-spejlet med frontlyset vil g\u00f8re lyset og selve rummet lysere. Alle vores spejle har dog en d\u00e6mpningsfunktion, som giver flere valgmuligheder. Til sidst skal du vurdere selve rummet, hvor LED-spejlet skal h\u00e6nges.<\/p>\n<\/div><\/div><div  class=\"vc_toggle vc_toggle_default vc_toggle_color_default  vc_toggle_size_md\"><div class=\"vc_toggle_title\"><h4>Hvordan monteres spejlet?<\/h4><i class=\"vc_toggle_icon\"><\/i><\/div><div class=\"vc_toggle_content\"><p class=\"p1\">Denne proces er meget enkel: Der er en installationsvejledning i hvert LED-spejl.<\/p>\n<\/div><\/div><div  class=\"vc_toggle vc_toggle_default vc_toggle_color_default  vc_toggle_size_md\"><div class=\"vc_toggle_title\"><h4>Hvordan tilsluttes LED-spejlet?<\/h4><i class=\"vc_toggle_icon\"><\/i><\/div><div class=\"vc_toggle_content\"><p class=\"p1\">For at kunne installere LED-spejlet skal der v\u00e6re en elektrisk ledning ledning bag spejlet. Dit spejl d\u00e6kker ledningen til.<\/p>\n<\/div><\/div><div  class=\"vc_toggle vc_toggle_default vc_toggle_color_default  vc_toggle_size_md\"><div class=\"vc_toggle_title\"><h4>Har du brug for en ekstra afbryder?<\/h4><i class=\"vc_toggle_icon\"><\/i><\/div><div class=\"vc_toggle_content\"><p class=\"p1\">Nej, der er ikke behov for en ekstra afbryder, da der er en ber\u00f8ringssensor til at t\u00e6nde og slukke spejlet.<\/p>\n<\/div><\/div><div  class=\"vc_toggle vc_toggle_default vc_toggle_color_default  vc_toggle_size_md\"><div class=\"vc_toggle_title\"><h4>Er disse LED-spejle kraftige nok? Er der nok lys til at l\u00e6gge makeup?<\/h4><i class=\"vc_toggle_icon\"><\/i><\/div><div class=\"vc_toggle_content\"><p class=\"p1\">Der anvendes 2835 LED-strips til fremstilling af spejle, 120 LED-dioder pr. meter, hvilket er virkelig LYSENDE! Vores spejle er ca. 4,6 gange lysere end standard LED-spejle. Selvf\u00f8lgelig, for lysere lys skal du ikke kun v\u00e6lge et baggrundsbelyst LED-spejl.<\/p>\n<\/div><\/div><div  class=\"vc_toggle vc_toggle_default vc_toggle_color_default  vc_toggle_size_md\"><div class=\"vc_toggle_title\"><h4>Hvordan reng\u00f8r man LED-spejlet?<\/h4><i class=\"vc_toggle_icon\"><\/i><\/div><div class=\"vc_toggle_content\"><p class=\"p1\">Det er bedst at reng\u00f8re LED-spejlet med en mikrofiberklud: det er nok at suge det i varmt vand. Reng\u00f8r spejlet i en cirkul\u00e6r bev\u00e6gelse. For perfekte resultater skal du tage et \u00f8jeblik, t\u00f8rre en mikrofiberklud og t\u00f8rre spejlet. Ved genstridigt snavs kan du bruge s\u00e6be med varmt vand eller en vinduespudser. Brug af andre kemikalier frar\u00e5des strengt - det kan beskadige spejlet, og i det lange l\u00f8b vil det ikke se ud, som det var, da det blev k\u00f8bt.<\/p>\n<\/div><\/div><div  class=\"vc_toggle vc_toggle_default vc_toggle_color_default  vc_toggle_size_md\"><div class=\"vc_toggle_title\"><h4>Hvor meget koster det at levere et spejl?<\/h4><i class=\"vc_toggle_icon\"><\/i><\/div><div class=\"vc_toggle_content\"><p class=\"p1\">Vi leverer LED-spejlet gratis til dit hjem eller kontor.<\/p>\n<\/div><\/div><\/div><\/div><\/div><div class=\"wpb_column vc_column_container vc_col-sm-2 et-dark-column\"><div class=\"vc_column-inner\"><div class=\"wpb_wrapper\"><\/div><\/div><\/div><\/div><\/div><div  class=\"sec_row container\"><div class=\"vc_row wpb_row vc_row-fluid\"><div class=\"wpb_column vc_column_container vc_col-sm-12 et-dark-column\"><div class=\"vc_column-inner\"><div class=\"wpb_wrapper\"><div class=\"vc_empty_space\"   style=\"height: 52px\"><span class=\"vc_empty_space_inner\"><\/span><\/div><\/div><\/div><\/div><\/div><\/div>\n<\/section>","protected":false},"excerpt":{"rendered":"Hur v\u00e4ljer man LED-spegel?Titta p\u00e5 spegelns form, storlek, typ av belysning samt utrymmet d\u00e4r spegeln ska h\u00e4ngas. V\u00e4lj spegelns form enligt de dominerande formerna och linjerna i inredningen. Om du har fler runda, ovala former &#8211; v\u00e4lj den runda eller ovala spegeln. Om det finns m\u00e5nga h\u00f6rn, strikta linjer &#8211;&hellip;","protected":false},"author":2,"featured_media":0,"parent":0,"menu_order":0,"comment_status":"closed","ping_status":"closed","template":"","meta":[],"_links":{"self":[{"href":"https:\/\/skandimirror.com\/da\/wp-json\/wp\/v2\/pages\/329"}],"collection":[{"href":"https:\/\/skandimirror.com\/da\/wp-json\/wp\/v2\/pages"}],"about":[{"href":"https:\/\/skandimirror.com\/da\/wp-json\/wp\/v2\/types\/page"}],"author":[{"embeddable":true,"href":"https:\/\/skandimirror.com\/da\/wp-json\/wp\/v2\/users\/2"}],"replies":[{"embeddable":true,"href":"https:\/\/skandimirror.com\/da\/wp-json\/wp\/v2\/comments?post=329"}],"version-history":[{"count":5,"href":"https:\/\/skandimirror.com\/da\/wp-json\/wp\/v2\/pages\/329\/revisions"}],"predecessor-version":[{"id":399,"href":"https:\/\/skandimirror.com\/da\/wp-json\/wp\/v2\/pages\/329\/revisions\/399"}],"wp:attachment":[{"href":"https:\/\/skandimirror.com\/da\/wp-json\/wp\/v2\/media?parent=329"}],"curies":[{"name":"wp","href":"https:\/\/api.w.org\/{rel}","templated":true}]}}